{"id":1859,"date":"2019-05-03T09:31:21","date_gmt":"2019-05-03T07:31:21","guid":{"rendered":"https:\/\/www.cematec.org\/tractaments\/tractaments-fisics\/"},"modified":"2022-06-16T22:08:46","modified_gmt":"2022-06-16T20:08:46","slug":"tractaments-fisics","status":"publish","type":"page","link":"https:\/\/www.cematec.org\/ca\/tractaments\/tractaments-fisics\/","title":{"rendered":"Tractaments F\u00edsics"},"content":{"rendered":"<p><div class=\"fusion-fullwidth fullwidth-box fusion-builder-row-1 hundred-percent-fullwidth non-hundred-percent-height-scrolling\"  style='background-color: rgba(255,255,255,0);background-position: center center;background-repeat: no-repeat;padding-top:0px;padding-right:0px;padding-bottom:0px;padding-left:0px;margin-bottom: 0px;margin-top: 0px;'><div class=\"fusion-builder-row fusion-row \"><div  class=\"fusion-layout-column fusion_builder_column fusion_builder_column_1_4 fusion-builder-column-0 fusion-one-fourth fusion-column-first 1_4\"  style='margin-top:0px;margin-bottom:0px;width:25%;width:calc(25% - ( ( 6% + 6% + 6% ) * 0.25 ) );margin-right: 6%;'><div class=\"fusion-column-wrapper\" style=\"padding: 50px 0% 0% 0%;background-position:left top;background-repeat:no-repeat;-webkit-background-size:cover;-moz-background-size:cover;-o-background-size:cover;background-size:cover;\"   data-bg-url=\"\"><div class=\"imageframe-align-center\"><span style=\"width:100%;max-width:300px;\" class=\"fusion-imageframe imageframe-none imageframe-1 hover-type-none\"><a class=\"fusion-no-lightbox\" href=\"https:\/\/www.cematec.org\/ca\/laser-sistema-fp3\/\" target=\"_self\" aria-label=\"laser-distintos-apartados\"><img decoding=\"async\" loading=\"lazy\" src=\"http:\/\/www.deepface.es\/wp-content\/uploads\/2019\/06\/laser-distintos-apartados.jpg\" width=\"480\" height=\"360\" alt=\"\" class=\"img-responsive wp-image-1533\" srcset=\"https:\/\/www.cematec.org\/wp-content\/uploads\/2019\/06\/laser-distintos-apartados-200x150.jpg 200w, https:\/\/www.cematec.org\/wp-content\/uploads\/2019\/06\/laser-distintos-apartados-400x300.jpg 400w, https:\/\/www.cematec.org\/wp-content\/uploads\/2019\/06\/laser-distintos-apartados.jpg 480w\" sizes=\"(max-width: 1024px) 100vw, 400px\" \/><\/a><\/span><\/div><div class=\"fusion-sep-clear\"><\/div><div class=\"fusion-separator fusion-full-width-sep sep-none\" style=\"margin-left: auto;margin-right: auto;margin-top:10px;margin-bottom:10px;\"><\/div><div class=\"fusion-button-wrapper fusion-aligncenter\"><style type=\"text\/css\">.fusion-button.button-1 {border-radius:0px;}<\/style><a class=\"fusion-button button-flat fusion-button-default-size button-default button-1 fusion-button-default-span fusion-button-default-type\" target=\"_self\" href=\"https:\/\/www.cematec.org\/ca\/laser-sistema-fp3\/\"><span class=\"fusion-button-text\">L\u00e0ser sistema FP3<\/span><\/a><\/div><div class=\"fusion-clearfix\"><\/div><\/div><\/div><div  class=\"fusion-layout-column fusion_builder_column fusion_builder_column_1_4 fusion-builder-column-1 fusion-one-fourth 1_4\"  style='margin-top:0px;margin-bottom:0px;width:25%;width:calc(25% - ( ( 6% + 6% + 6% ) * 0.25 ) );margin-right: 6%;'><div class=\"fusion-column-wrapper\" style=\"padding: 50px 0% 0% 0%;background-position:left top;background-repeat:no-repeat;-webkit-background-size:cover;-moz-background-size:cover;-o-background-size:cover;background-size:cover;\"   data-bg-url=\"\"><div class=\"imageframe-align-center\"><span style=\"width:100%;max-width:300px;\" class=\"fusion-imageframe imageframe-none imageframe-2 hover-type-none\"><a class=\"fusion-no-lightbox\" href=\"https:\/\/www.cematec.org\/ca\/multiterapia\/\" target=\"_self\" aria-label=\"multiterapia\"><img decoding=\"async\" loading=\"lazy\" src=\"http:\/\/www.deepface.es\/wp-content\/uploads\/2019\/06\/multiterapia.jpg\" width=\"480\" height=\"360\" alt=\"\" class=\"img-responsive wp-image-1545\" srcset=\"https:\/\/www.cematec.org\/wp-content\/uploads\/2019\/06\/multiterapia-200x150.jpg 200w, https:\/\/www.cematec.org\/wp-content\/uploads\/2019\/06\/multiterapia-400x300.jpg 400w, https:\/\/www.cematec.org\/wp-content\/uploads\/2019\/06\/multiterapia.jpg 480w\" sizes=\"(max-width: 1024px) 100vw, 400px\" \/><\/a><\/span><\/div><div class=\"fusion-sep-clear\"><\/div><div class=\"fusion-separator fusion-full-width-sep sep-none\" style=\"margin-left: auto;margin-right: auto;margin-top:10px;margin-bottom:10px;\"><\/div><div class=\"fusion-button-wrapper fusion-aligncenter\"><style type=\"text\/css\">.fusion-button.button-2 {border-radius:0px;}<\/style><a class=\"fusion-button button-flat fusion-button-default-size button-default button-2 fusion-button-default-span fusion-button-default-type\" target=\"_self\" href=\"https:\/\/www.cematec.org\/ca\/multiterapia\/\"><span class=\"fusion-button-text\">Multiter\u00e0pia<\/span><\/a><\/div><div class=\"fusion-clearfix\"><\/div><\/div><\/div><div  class=\"fusion-layout-column fusion_builder_column fusion_builder_column_1_4 fusion-builder-column-2 fusion-one-fourth 1_4\"  style='margin-top:0px;margin-bottom:0px;width:25%;width:calc(25% - ( ( 6% + 6% + 6% ) * 0.25 ) );margin-right: 6%;'><div class=\"fusion-column-wrapper\" style=\"padding: 50px 0% 0% 0%;background-position:left top;background-repeat:no-repeat;-webkit-background-size:cover;-moz-background-size:cover;-o-background-size:cover;background-size:cover;\"   data-bg-url=\"\"><div class=\"imageframe-align-center\"><span style=\"width:100%;max-width:300px;\" class=\"fusion-imageframe imageframe-none imageframe-3 hover-type-none\"><a class=\"fusion-no-lightbox\" href=\"https:\/\/www.cematec.org\/ca\/ones-de-xoc\/\" target=\"_self\" aria-label=\"ondas-de-choque-espolon\"><img decoding=\"async\" loading=\"lazy\" src=\"http:\/\/www.deepface.es\/wp-content\/uploads\/2019\/06\/ondas-de-choque-espolon-1.jpg\" width=\"480\" height=\"360\" alt=\"\" class=\"img-responsive wp-image-1599\" srcset=\"https:\/\/www.cematec.org\/wp-content\/uploads\/2019\/06\/ondas-de-choque-espolon-1-200x150.jpg 200w, https:\/\/www.cematec.org\/wp-content\/uploads\/2019\/06\/ondas-de-choque-espolon-1-400x300.jpg 400w, https:\/\/www.cematec.org\/wp-content\/uploads\/2019\/06\/ondas-de-choque-espolon-1.jpg 480w\" sizes=\"(max-width: 1024px) 100vw, 400px\" \/><\/a><\/span><\/div><div class=\"fusion-sep-clear\"><\/div><div class=\"fusion-separator fusion-full-width-sep sep-none\" style=\"margin-left: auto;margin-right: auto;margin-top:10px;margin-bottom:10px;\"><\/div><div class=\"fusion-button-wrapper fusion-aligncenter\"><style type=\"text\/css\">.fusion-button.button-3 {border-radius:0px;}<\/style><a class=\"fusion-button button-flat fusion-button-default-size button-default button-3 fusion-button-default-span fusion-button-default-type\" target=\"_self\" href=\"https:\/\/www.cematec.org\/ca\/ones-de-xoc\/\"><span class=\"fusion-button-text\">Ones de xoc<\/span><\/a><\/div><div class=\"fusion-clearfix\"><\/div><\/div><\/div><div  class=\"fusion-layout-column fusion_builder_column fusion_builder_column_1_4 fusion-builder-column-3 fusion-one-fourth fusion-column-last 1_4\"  style='margin-top:0px;margin-bottom:0px;width:25%;width:calc(25% - ( ( 6% + 6% + 6% ) * 0.25 ) );'><div class=\"fusion-column-wrapper\" style=\"padding: 50px 0% 0% 0%;background-position:left top;background-repeat:no-repeat;-webkit-background-size:cover;-moz-background-size:cover;-o-background-size:cover;background-size:cover;\"   data-bg-url=\"\"><div class=\"imageframe-align-center\"><span style=\"width:100%;max-width:300px;\" class=\"fusion-imageframe imageframe-none imageframe-4 hover-type-none\"><a class=\"fusion-no-lightbox\" href=\"https:\/\/www.cematec.org\/ca\/ones-electromagnetiques-modulars\/\" target=\"_self\" aria-label=\"physicalm1\"><img decoding=\"async\" loading=\"lazy\" src=\"http:\/\/www.deepface.es\/wp-content\/uploads\/2019\/06\/physicalm1.jpg\" width=\"480\" height=\"360\" alt=\"\" class=\"img-responsive wp-image-1601\" srcset=\"https:\/\/www.cematec.org\/wp-content\/uploads\/2019\/06\/physicalm1-200x150.jpg 200w, https:\/\/www.cematec.org\/wp-content\/uploads\/2019\/06\/physicalm1-400x300.jpg 400w, https:\/\/www.cematec.org\/wp-content\/uploads\/2019\/06\/physicalm1.jpg 480w\" sizes=\"(max-width: 1024px) 100vw, 400px\" \/><\/a><\/span><\/div><div class=\"fusion-sep-clear\"><\/div><div class=\"fusion-separator fusion-full-width-sep sep-none\" style=\"margin-left: auto;margin-right: auto;margin-top:10px;margin-bottom:10px;\"><\/div><div class=\"fusion-button-wrapper fusion-aligncenter\"><style type=\"text\/css\">.fusion-button.button-4 {border-radius:0px;}<\/style><a class=\"fusion-button button-flat fusion-button-default-size button-default button-4 fusion-button-default-span fusion-button-default-type\" target=\"_self\" href=\"https:\/\/www.cematec.org\/ca\/ones-electromagnetiques-modulars\/\"><span class=\"fusion-button-text\">Ones Electromagn\u00e8tiques Modulars<\/span><\/a><\/div><div class=\"fusion-clearfix\"><\/div><\/div><\/div><\/div><\/div><div class=\"fusion-fullwidth fullwidth-box fusion-builder-row-2 hundred-percent-fullwidth non-hundred-percent-height-scrolling fusion-equal-height-columns\"  style='background-color: rgba(255,255,255,0);background-position: center center;background-repeat: no-repeat;padding-top:0px;padding-right:0px;padding-bottom:0px;padding-left:0px;margin-bottom: 0px;margin-top: 0px;'><div class=\"fusion-builder-row fusion-row \"><div  class=\"fusion-layout-column fusion_builder_column fusion_builder_column_1_1 fusion-builder-column-4 fusion-one-full fusion-column-first fusion-column-last 1_1\"  style='margin-top:0px;margin-bottom:0px;'><div class=\"fusion-column-wrapper\" style=\"padding: 50px 0% 100px 0%;background-position:left top;background-repeat:no-repeat;-webkit-background-size:cover;-moz-background-size:cover;-o-background-size:cover;background-size:cover;\"   data-bg-url=\"\"><div class=\"fusion-text\"><p>A Ter\u00e0pies F\u00edsiques, hi ha diverses classes de tractaments els procediments dels quals s\u00f3n principalment f\u00edsics:<\/p>\n<ul>\n<li>Laserter\u00e0pia multifreq\u00fc\u00e8ncia (FP3), amb diferents longituds d&#8217;ones combinades i desfocalitzades perqu\u00e8 els efectes biol\u00f2gics arribin a m\u00e9s profunditat.<\/li>\n<li>Ones de xoc focalitzades (ESWT) i guiades per ecografia o esc\u00f2pia per arribar de manera m\u00e9s precisa als punts a tractar.<\/li>\n<li>Ones electromagn\u00e8tiques modulars capacitives (EMC) amb caracter\u00edstiques monopolars per arribar a m\u00e9s profunditat de tractament.<\/li>\n<li>Mecanoter\u00e0pia especifica (Multiter\u00e0pia) controlada digitalment per obtenir uns tractaments uniformes i que no siguin dependents de la intensitat del professional.<\/li>\n<\/ul>\n<\/div><div class=\"fusion-clearfix\"><\/div><\/div><\/div><\/div><\/div><\/p>\n","protected":false},"excerpt":{"rendered":"","protected":false},"author":1,"featured_media":0,"parent":1840,"menu_order":0,"comment_status":"closed","ping_status":"closed","template":"","meta":{"footnotes":""},"yoast_head":"<!-- This site is optimized with the Yoast SEO plugin v21.0 - https:\/\/yoast.com\/wordpress\/plugins\/seo\/ -->\n<title>Tractaments F\u00edsics - CEMATEC<\/title>\n<meta name=\"robots\" content=\"index, follow, max-snippet:-1, max-image-preview:large, max-video-preview:-1\" \/>\n<link rel=\"canonical\" href=\"https:\/\/www.cematec.org\/ca\/tractaments\/tractaments-fisics\/\" \/>\n<meta property=\"og:locale\" content=\"ca_ES\" \/>\n<meta property=\"og:type\" content=\"article\" \/>\n<meta property=\"og:title\" content=\"Tractaments F\u00edsics - CEMATEC\" \/>\n<meta property=\"og:url\" content=\"https:\/\/www.cematec.org\/ca\/tractaments\/tractaments-fisics\/\" \/>\n<meta property=\"og:site_name\" content=\"CEMATEC\" \/>\n<meta property=\"article:modified_time\" content=\"2022-06-16T20:08:46+00:00\" \/>\n<meta name=\"twitter:card\" content=\"summary_large_image\" \/>\n<meta name=\"twitter:label1\" content=\"Temps estimat de lectura\" \/>\n\t<meta name=\"twitter:data1\" content=\"8 minuts\" \/>\n<script type=\"application\/ld+json\" class=\"yoast-schema-graph\">{\"@context\":\"https:\/\/schema.org\",\"@graph\":[{\"@type\":\"WebPage\",\"@id\":\"https:\/\/www.cematec.org\/ca\/tractaments\/tractaments-fisics\/\",\"url\":\"https:\/\/www.cematec.org\/ca\/tractaments\/tractaments-fisics\/\",\"name\":\"Tractaments F\u00edsics - CEMATEC\",\"isPartOf\":{\"@id\":\"https:\/\/www.cematec.org\/ca\/#website\"},\"datePublished\":\"2019-05-03T07:31:21+00:00\",\"dateModified\":\"2022-06-16T20:08:46+00:00\",\"breadcrumb\":{\"@id\":\"https:\/\/www.cematec.org\/ca\/tractaments\/tractaments-fisics\/#breadcrumb\"},\"inLanguage\":\"ca\",\"potentialAction\":[{\"@type\":\"ReadAction\",\"target\":[\"https:\/\/www.cematec.org\/ca\/tractaments\/tractaments-fisics\/\"]}]},{\"@type\":\"BreadcrumbList\",\"@id\":\"https:\/\/www.cematec.org\/ca\/tractaments\/tractaments-fisics\/#breadcrumb\",\"itemListElement\":[{\"@type\":\"ListItem\",\"position\":1,\"name\":\"Portada\",\"item\":\"https:\/\/www.cematec.org\/ca\/\"},{\"@type\":\"ListItem\",\"position\":2,\"name\":\"Tractaments\",\"item\":\"https:\/\/www.cematec.org\/ca\/tratamientos\/\"},{\"@type\":\"ListItem\",\"position\":3,\"name\":\"Tractaments F\u00edsics\"}]},{\"@type\":\"WebSite\",\"@id\":\"https:\/\/www.cematec.org\/ca\/#website\",\"url\":\"https:\/\/www.cematec.org\/ca\/\",\"name\":\"CEMATEC\",\"description\":\"Traumatolog\u00eda Barcelona\",\"publisher\":{\"@id\":\"https:\/\/www.cematec.org\/ca\/#organization\"},\"potentialAction\":[{\"@type\":\"SearchAction\",\"target\":{\"@type\":\"EntryPoint\",\"urlTemplate\":\"https:\/\/www.cematec.org\/ca\/?s={search_term_string}\"},\"query-input\":\"required name=search_term_string\"}],\"inLanguage\":\"ca\"},{\"@type\":\"Organization\",\"@id\":\"https:\/\/www.cematec.org\/ca\/#organization\",\"name\":\"CEMATEC\",\"url\":\"https:\/\/www.cematec.org\/ca\/\",\"logo\":{\"@type\":\"ImageObject\",\"inLanguage\":\"ca\",\"@id\":\"https:\/\/www.cematec.org\/ca\/#\/schema\/logo\/image\/\",\"url\":\"https:\/\/www.cematec.org\/wp-content\/uploads\/2019\/04\/Logo.gif\",\"contentUrl\":\"https:\/\/www.cematec.org\/wp-content\/uploads\/2019\/04\/Logo.gif\",\"width\":400,\"height\":136,\"caption\":\"CEMATEC\"},\"image\":{\"@id\":\"https:\/\/www.cematec.org\/ca\/#\/schema\/logo\/image\/\"}}]}<\/script>\n<!-- \/ Yoast SEO plugin. -->","yoast_head_json":{"title":"Tractaments F\u00edsics - CEMATEC","robots":{"index":"index","follow":"follow","max-snippet":"max-snippet:-1","max-image-preview":"max-image-preview:large","max-video-preview":"max-video-preview:-1"},"canonical":"https:\/\/www.cematec.org\/ca\/tractaments\/tractaments-fisics\/","og_locale":"ca_ES","og_type":"article","og_title":"Tractaments F\u00edsics - CEMATEC","og_url":"https:\/\/www.cematec.org\/ca\/tractaments\/tractaments-fisics\/","og_site_name":"CEMATEC","article_modified_time":"2022-06-16T20:08:46+00:00","twitter_card":"summary_large_image","twitter_misc":{"Temps estimat de lectura":"8 minuts"},"schema":{"@context":"https:\/\/schema.org","@graph":[{"@type":"WebPage","@id":"https:\/\/www.cematec.org\/ca\/tractaments\/tractaments-fisics\/","url":"https:\/\/www.cematec.org\/ca\/tractaments\/tractaments-fisics\/","name":"Tractaments F\u00edsics - CEMATEC","isPartOf":{"@id":"https:\/\/www.cematec.org\/ca\/#website"},"datePublished":"2019-05-03T07:31:21+00:00","dateModified":"2022-06-16T20:08:46+00:00","breadcrumb":{"@id":"https:\/\/www.cematec.org\/ca\/tractaments\/tractaments-fisics\/#breadcrumb"},"inLanguage":"ca","potentialAction":[{"@type":"ReadAction","target":["https:\/\/www.cematec.org\/ca\/tractaments\/tractaments-fisics\/"]}]},{"@type":"BreadcrumbList","@id":"https:\/\/www.cematec.org\/ca\/tractaments\/tractaments-fisics\/#breadcrumb","itemListElement":[{"@type":"ListItem","position":1,"name":"Portada","item":"https:\/\/www.cematec.org\/ca\/"},{"@type":"ListItem","position":2,"name":"Tractaments","item":"https:\/\/www.cematec.org\/ca\/tratamientos\/"},{"@type":"ListItem","position":3,"name":"Tractaments F\u00edsics"}]},{"@type":"WebSite","@id":"https:\/\/www.cematec.org\/ca\/#website","url":"https:\/\/www.cematec.org\/ca\/","name":"CEMATEC","description":"Traumatolog\u00eda Barcelona","publisher":{"@id":"https:\/\/www.cematec.org\/ca\/#organization"},"potentialAction":[{"@type":"SearchAction","target":{"@type":"EntryPoint","urlTemplate":"https:\/\/www.cematec.org\/ca\/?s={search_term_string}"},"query-input":"required name=search_term_string"}],"inLanguage":"ca"},{"@type":"Organization","@id":"https:\/\/www.cematec.org\/ca\/#organization","name":"CEMATEC","url":"https:\/\/www.cematec.org\/ca\/","logo":{"@type":"ImageObject","inLanguage":"ca","@id":"https:\/\/www.cematec.org\/ca\/#\/schema\/logo\/image\/","url":"https:\/\/www.cematec.org\/wp-content\/uploads\/2019\/04\/Logo.gif","contentUrl":"https:\/\/www.cematec.org\/wp-content\/uploads\/2019\/04\/Logo.gif","width":400,"height":136,"caption":"CEMATEC"},"image":{"@id":"https:\/\/www.cematec.org\/ca\/#\/schema\/logo\/image\/"}}]}},"_links":{"self":[{"href":"https:\/\/www.cematec.org\/ca\/wp-json\/wp\/v2\/pages\/1859"}],"collection":[{"href":"https:\/\/www.cematec.org\/ca\/wp-json\/wp\/v2\/pages"}],"about":[{"href":"https:\/\/www.cematec.org\/ca\/wp-json\/wp\/v2\/types\/page"}],"author":[{"embeddable":true,"href":"https:\/\/www.cematec.org\/ca\/wp-json\/wp\/v2\/users\/1"}],"replies":[{"embeddable":true,"href":"https:\/\/www.cematec.org\/ca\/wp-json\/wp\/v2\/comments?post=1859"}],"version-history":[{"count":2,"href":"https:\/\/www.cematec.org\/ca\/wp-json\/wp\/v2\/pages\/1859\/revisions"}],"predecessor-version":[{"id":1866,"href":"https:\/\/www.cematec.org\/ca\/wp-json\/wp\/v2\/pages\/1859\/revisions\/1866"}],"up":[{"embeddable":true,"href":"https:\/\/www.cematec.org\/ca\/wp-json\/wp\/v2\/pages\/1840"}],"wp:attachment":[{"href":"https:\/\/www.cematec.org\/ca\/wp-json\/wp\/v2\/media?parent=1859"}],"curies":[{"name":"wp","href":"https:\/\/api.w.org\/{rel}","templated":true}]}}