{"id":1849,"date":"2019-05-03T09:33:14","date_gmt":"2019-05-03T07:33:14","guid":{"rendered":"https:\/\/www.cematec.org\/tractaments\/terapies-regeneratives\/"},"modified":"2022-06-16T22:08:46","modified_gmt":"2022-06-16T20:08:46","slug":"terapies-regeneratives","status":"publish","type":"page","link":"https:\/\/www.cematec.org\/ca\/tractaments\/terapies-regeneratives\/","title":{"rendered":"Ter\u00e0pies regeneratives"},"content":{"rendered":"<p><div class=\"fusion-fullwidth fullwidth-box fusion-builder-row-1 hundred-percent-fullwidth non-hundred-percent-height-scrolling\"  style='background-color: rgba(255,255,255,0);background-position: center center;background-repeat: no-repeat;padding-top:0px;padding-right:0px;padding-bottom:0px;padding-left:0px;margin-bottom: 0px;margin-top: 0px;'><div class=\"fusion-builder-row fusion-row \"><div  class=\"fusion-layout-column fusion_builder_column fusion_builder_column_1_2 fusion-builder-column-0 fusion-one-half fusion-column-first 1_2\"  style='margin-top:0px;margin-bottom:0px;width:50%;width:calc(50% - ( ( 6% ) * 0.5 ) );margin-right: 6%;'><div class=\"fusion-column-wrapper\" style=\"padding: 50px 0% 50px 0%;background-position:left top;background-repeat:no-repeat;-webkit-background-size:cover;-moz-background-size:cover;-o-background-size:cover;background-size:cover;\"   data-bg-url=\"\"><div class=\"imageframe-align-center\"><span style=\"width:100%;max-width:300px;\" class=\"fusion-imageframe imageframe-none imageframe-1 hover-type-none\"><a class=\"fusion-no-lightbox\" href=\"https:\/\/www.cematec.org\/ca\/cellules-mare\/\" target=\"_self\" aria-label=\"celulas-madre-1\"><img decoding=\"async\" loading=\"lazy\" src=\"http:\/\/www.deepface.es\/wp-content\/uploads\/2019\/06\/celulas-madre-1.jpg\" width=\"480\" height=\"360\" alt=\"\" class=\"img-responsive wp-image-1527\" srcset=\"https:\/\/www.cematec.org\/wp-content\/uploads\/2019\/06\/celulas-madre-1-200x150.jpg 200w, https:\/\/www.cematec.org\/wp-content\/uploads\/2019\/06\/celulas-madre-1-400x300.jpg 400w, https:\/\/www.cematec.org\/wp-content\/uploads\/2019\/06\/celulas-madre-1.jpg 480w\" sizes=\"(max-width: 1024px) 100vw, 480px\" \/><\/a><\/span><\/div><div class=\"fusion-sep-clear\"><\/div><div class=\"fusion-separator fusion-full-width-sep sep-none\" style=\"margin-left: auto;margin-right: auto;margin-top:10px;margin-bottom:10px;\"><\/div><div class=\"fusion-button-wrapper fusion-aligncenter\"><style type=\"text\/css\">.fusion-button.button-1 {border-radius:0px;}<\/style><a class=\"fusion-button button-flat fusion-button-default-size button-default button-1 fusion-button-default-span fusion-button-default-type\" target=\"_self\" href=\"https:\/\/www.cematec.org\/ca\/cellules-mare\/\"><span class=\"fusion-button-text\">C\u00e8l\u00b7lules mare<\/span><\/a><\/div><div class=\"fusion-clearfix\"><\/div><\/div><\/div><div  class=\"fusion-layout-column fusion_builder_column fusion_builder_column_1_2 fusion-builder-column-1 fusion-one-half fusion-column-last 1_2\"  style='margin-top:0px;margin-bottom:0px;width:50%;width:calc(50% - ( ( 6% ) * 0.5 ) );'><div class=\"fusion-column-wrapper\" style=\"padding: 50px 0% 50px 0%;background-position:left top;background-repeat:no-repeat;-webkit-background-size:cover;-moz-background-size:cover;-o-background-size:cover;background-size:cover;\"   data-bg-url=\"\"><div class=\"imageframe-align-center\"><span style=\"width:100%;max-width:300px;\" class=\"fusion-imageframe imageframe-none imageframe-2 hover-type-none\"><a class=\"fusion-no-lightbox\" href=\"https:\/\/www.cematec.org\/ca\/factors-de-creixement\/\" target=\"_self\" aria-label=\"medula-osea\"><img decoding=\"async\" loading=\"lazy\" src=\"http:\/\/www.deepface.es\/wp-content\/uploads\/2019\/06\/medula-osea.jpg\" width=\"480\" height=\"360\" alt=\"\" class=\"img-responsive wp-image-1543\" srcset=\"https:\/\/www.cematec.org\/wp-content\/uploads\/2019\/06\/medula-osea-200x150.jpg 200w, https:\/\/www.cematec.org\/wp-content\/uploads\/2019\/06\/medula-osea-400x300.jpg 400w, https:\/\/www.cematec.org\/wp-content\/uploads\/2019\/06\/medula-osea.jpg 480w\" sizes=\"(max-width: 1024px) 100vw, 480px\" \/><\/a><\/span><\/div><div class=\"fusion-sep-clear\"><\/div><div class=\"fusion-separator fusion-full-width-sep sep-none\" style=\"margin-left: auto;margin-right: auto;margin-top:10px;margin-bottom:10px;\"><\/div><div class=\"fusion-button-wrapper fusion-aligncenter\"><style type=\"text\/css\">.fusion-button.button-2 {border-radius:0px;}<\/style><a class=\"fusion-button button-flat fusion-button-default-size button-default button-2 fusion-button-default-span fusion-button-default-type\" target=\"_self\" href=\"https:\/\/www.cematec.org\/ca\/factors-de-creixement\/\"><span class=\"fusion-button-text\">Factors de creixement<\/span><\/a><\/div><div class=\"fusion-clearfix\"><\/div><\/div><\/div><\/div><\/div><div class=\"fusion-fullwidth fullwidth-box fusion-builder-row-2 hundred-percent-fullwidth non-hundred-percent-height-scrolling fusion-equal-height-columns\"  style='background-color: rgba(255,255,255,0);background-position: center center;background-repeat: no-repeat;padding-top:0px;padding-right:0px;padding-bottom:0px;padding-left:0px;margin-bottom: 0px;margin-top: 0px;'><div class=\"fusion-builder-row fusion-row \"><div  class=\"fusion-layout-column fusion_builder_column fusion_builder_column_1_1 fusion-builder-column-2 fusion-one-full fusion-column-first fusion-column-last 1_1\"  style='margin-top:0px;margin-bottom:0px;'><div class=\"fusion-column-wrapper\" style=\"padding: 0px 0% 100px 0%;background-position:left top;background-repeat:no-repeat;-webkit-background-size:cover;-moz-background-size:cover;-o-background-size:cover;background-size:cover;\"   data-bg-url=\"\"><div class=\"fusion-text\"><p>Les ter\u00e0pies regeneratives s\u00f3n tractaments que pretenen regenerar teixits a base d&#8217;elements biol\u00f2gics, normalment extrets del propi cos, ja siguin obtenint concentrats de plaquetes (PRP) o b\u00e9 seleccionant c\u00e8l\u00b7lules mare de la medul\u00b7la ossi o d&#8217;altres teixits; despr\u00e9s cultivats i utilitzats en intervencions m\u00e9s o menys cruentes. Tot aix\u00f2 amb la pretensi\u00f3 d&#8217;estimular les c\u00e8l\u00b7lules a reparar els teixits del cos hum\u00e0.<\/p>\n<\/div><span class=\"fusion-imageframe imageframe-none imageframe-3 hover-type-none\"><img decoding=\"async\" loading=\"lazy\" src=\"http:\/\/www.deepface.es\/wp-content\/uploads\/2019\/05\/regenerativas.png\" width=\"627\" height=\"179\" alt=\"\" title=\"regenerativas\" class=\"img-responsive wp-image-1379\" srcset=\"https:\/\/www.cematec.org\/wp-content\/uploads\/2019\/05\/regenerativas-200x57.png 200w, https:\/\/www.cematec.org\/wp-content\/uploads\/2019\/05\/regenerativas-400x114.png 400w, https:\/\/www.cematec.org\/wp-content\/uploads\/2019\/05\/regenerativas-600x171.png 600w, https:\/\/www.cematec.org\/wp-content\/uploads\/2019\/05\/regenerativas.png 627w\" sizes=\"(max-width: 1024px) 100vw, 627px\" \/><\/span><div class=\"fusion-clearfix\"><\/div><\/div><\/div><\/div><\/div><\/p>\n","protected":false},"excerpt":{"rendered":"","protected":false},"author":1,"featured_media":0,"parent":1840,"menu_order":0,"comment_status":"closed","ping_status":"closed","template":"","meta":{"footnotes":""},"yoast_head":"<!-- This site is optimized with the Yoast SEO plugin v21.0 - https:\/\/yoast.com\/wordpress\/plugins\/seo\/ -->\n<title>Ter\u00e0pies regeneratives - CEMATEC<\/title>\n<meta name=\"robots\" content=\"index, follow, max-snippet:-1, max-image-preview:large, max-video-preview:-1\" \/>\n<link rel=\"canonical\" href=\"https:\/\/www.cematec.org\/ca\/tractaments\/terapies-regeneratives\/\" \/>\n<meta property=\"og:locale\" content=\"ca_ES\" \/>\n<meta property=\"og:type\" content=\"article\" \/>\n<meta property=\"og:title\" content=\"Ter\u00e0pies regeneratives - CEMATEC\" \/>\n<meta property=\"og:url\" content=\"https:\/\/www.cematec.org\/ca\/tractaments\/terapies-regeneratives\/\" \/>\n<meta property=\"og:site_name\" content=\"CEMATEC\" \/>\n<meta property=\"article:modified_time\" content=\"2022-06-16T20:08:46+00:00\" \/>\n<meta name=\"twitter:card\" content=\"summary_large_image\" \/>\n<meta name=\"twitter:label1\" content=\"Temps estimat de lectura\" \/>\n\t<meta name=\"twitter:data1\" content=\"5 minuts\" \/>\n<script type=\"application\/ld+json\" class=\"yoast-schema-graph\">{\"@context\":\"https:\/\/schema.org\",\"@graph\":[{\"@type\":\"WebPage\",\"@id\":\"https:\/\/www.cematec.org\/ca\/tractaments\/terapies-regeneratives\/\",\"url\":\"https:\/\/www.cematec.org\/ca\/tractaments\/terapies-regeneratives\/\",\"name\":\"Ter\u00e0pies regeneratives - CEMATEC\",\"isPartOf\":{\"@id\":\"https:\/\/www.cematec.org\/ca\/#website\"},\"datePublished\":\"2019-05-03T07:33:14+00:00\",\"dateModified\":\"2022-06-16T20:08:46+00:00\",\"breadcrumb\":{\"@id\":\"https:\/\/www.cematec.org\/ca\/tractaments\/terapies-regeneratives\/#breadcrumb\"},\"inLanguage\":\"ca\",\"potentialAction\":[{\"@type\":\"ReadAction\",\"target\":[\"https:\/\/www.cematec.org\/ca\/tractaments\/terapies-regeneratives\/\"]}]},{\"@type\":\"BreadcrumbList\",\"@id\":\"https:\/\/www.cematec.org\/ca\/tractaments\/terapies-regeneratives\/#breadcrumb\",\"itemListElement\":[{\"@type\":\"ListItem\",\"position\":1,\"name\":\"Portada\",\"item\":\"https:\/\/www.cematec.org\/ca\/\"},{\"@type\":\"ListItem\",\"position\":2,\"name\":\"Tractaments\",\"item\":\"https:\/\/www.cematec.org\/ca\/tratamientos\/\"},{\"@type\":\"ListItem\",\"position\":3,\"name\":\"Ter\u00e0pies regeneratives\"}]},{\"@type\":\"WebSite\",\"@id\":\"https:\/\/www.cematec.org\/ca\/#website\",\"url\":\"https:\/\/www.cematec.org\/ca\/\",\"name\":\"CEMATEC\",\"description\":\"Traumatolog\u00eda Barcelona\",\"publisher\":{\"@id\":\"https:\/\/www.cematec.org\/ca\/#organization\"},\"potentialAction\":[{\"@type\":\"SearchAction\",\"target\":{\"@type\":\"EntryPoint\",\"urlTemplate\":\"https:\/\/www.cematec.org\/ca\/?s={search_term_string}\"},\"query-input\":\"required name=search_term_string\"}],\"inLanguage\":\"ca\"},{\"@type\":\"Organization\",\"@id\":\"https:\/\/www.cematec.org\/ca\/#organization\",\"name\":\"CEMATEC\",\"url\":\"https:\/\/www.cematec.org\/ca\/\",\"logo\":{\"@type\":\"ImageObject\",\"inLanguage\":\"ca\",\"@id\":\"https:\/\/www.cematec.org\/ca\/#\/schema\/logo\/image\/\",\"url\":\"https:\/\/www.cematec.org\/wp-content\/uploads\/2019\/04\/Logo.gif\",\"contentUrl\":\"https:\/\/www.cematec.org\/wp-content\/uploads\/2019\/04\/Logo.gif\",\"width\":400,\"height\":136,\"caption\":\"CEMATEC\"},\"image\":{\"@id\":\"https:\/\/www.cematec.org\/ca\/#\/schema\/logo\/image\/\"}}]}<\/script>\n<!-- \/ Yoast SEO plugin. -->","yoast_head_json":{"title":"Ter\u00e0pies regeneratives - CEMATEC","robots":{"index":"index","follow":"follow","max-snippet":"max-snippet:-1","max-image-preview":"max-image-preview:large","max-video-preview":"max-video-preview:-1"},"canonical":"https:\/\/www.cematec.org\/ca\/tractaments\/terapies-regeneratives\/","og_locale":"ca_ES","og_type":"article","og_title":"Ter\u00e0pies regeneratives - CEMATEC","og_url":"https:\/\/www.cematec.org\/ca\/tractaments\/terapies-regeneratives\/","og_site_name":"CEMATEC","article_modified_time":"2022-06-16T20:08:46+00:00","twitter_card":"summary_large_image","twitter_misc":{"Temps estimat de lectura":"5 minuts"},"schema":{"@context":"https:\/\/schema.org","@graph":[{"@type":"WebPage","@id":"https:\/\/www.cematec.org\/ca\/tractaments\/terapies-regeneratives\/","url":"https:\/\/www.cematec.org\/ca\/tractaments\/terapies-regeneratives\/","name":"Ter\u00e0pies regeneratives - CEMATEC","isPartOf":{"@id":"https:\/\/www.cematec.org\/ca\/#website"},"datePublished":"2019-05-03T07:33:14+00:00","dateModified":"2022-06-16T20:08:46+00:00","breadcrumb":{"@id":"https:\/\/www.cematec.org\/ca\/tractaments\/terapies-regeneratives\/#breadcrumb"},"inLanguage":"ca","potentialAction":[{"@type":"ReadAction","target":["https:\/\/www.cematec.org\/ca\/tractaments\/terapies-regeneratives\/"]}]},{"@type":"BreadcrumbList","@id":"https:\/\/www.cematec.org\/ca\/tractaments\/terapies-regeneratives\/#breadcrumb","itemListElement":[{"@type":"ListItem","position":1,"name":"Portada","item":"https:\/\/www.cematec.org\/ca\/"},{"@type":"ListItem","position":2,"name":"Tractaments","item":"https:\/\/www.cematec.org\/ca\/tratamientos\/"},{"@type":"ListItem","position":3,"name":"Ter\u00e0pies regeneratives"}]},{"@type":"WebSite","@id":"https:\/\/www.cematec.org\/ca\/#website","url":"https:\/\/www.cematec.org\/ca\/","name":"CEMATEC","description":"Traumatolog\u00eda Barcelona","publisher":{"@id":"https:\/\/www.cematec.org\/ca\/#organization"},"potentialAction":[{"@type":"SearchAction","target":{"@type":"EntryPoint","urlTemplate":"https:\/\/www.cematec.org\/ca\/?s={search_term_string}"},"query-input":"required name=search_term_string"}],"inLanguage":"ca"},{"@type":"Organization","@id":"https:\/\/www.cematec.org\/ca\/#organization","name":"CEMATEC","url":"https:\/\/www.cematec.org\/ca\/","logo":{"@type":"ImageObject","inLanguage":"ca","@id":"https:\/\/www.cematec.org\/ca\/#\/schema\/logo\/image\/","url":"https:\/\/www.cematec.org\/wp-content\/uploads\/2019\/04\/Logo.gif","contentUrl":"https:\/\/www.cematec.org\/wp-content\/uploads\/2019\/04\/Logo.gif","width":400,"height":136,"caption":"CEMATEC"},"image":{"@id":"https:\/\/www.cematec.org\/ca\/#\/schema\/logo\/image\/"}}]}},"_links":{"self":[{"href":"https:\/\/www.cematec.org\/ca\/wp-json\/wp\/v2\/pages\/1849"}],"collection":[{"href":"https:\/\/www.cematec.org\/ca\/wp-json\/wp\/v2\/pages"}],"about":[{"href":"https:\/\/www.cematec.org\/ca\/wp-json\/wp\/v2\/types\/page"}],"author":[{"embeddable":true,"href":"https:\/\/www.cematec.org\/ca\/wp-json\/wp\/v2\/users\/1"}],"replies":[{"embeddable":true,"href":"https:\/\/www.cematec.org\/ca\/wp-json\/wp\/v2\/comments?post=1849"}],"version-history":[{"count":11,"href":"https:\/\/www.cematec.org\/ca\/wp-json\/wp\/v2\/pages\/1849\/revisions"}],"predecessor-version":[{"id":1886,"href":"https:\/\/www.cematec.org\/ca\/wp-json\/wp\/v2\/pages\/1849\/revisions\/1886"}],"up":[{"embeddable":true,"href":"https:\/\/www.cematec.org\/ca\/wp-json\/wp\/v2\/pages\/1840"}],"wp:attachment":[{"href":"https:\/\/www.cematec.org\/ca\/wp-json\/wp\/v2\/media?parent=1849"}],"curies":[{"name":"wp","href":"https:\/\/api.w.org\/{rel}","templated":true}]}}