{"id":1841,"date":"2019-05-03T09:46:16","date_gmt":"2019-05-03T07:46:16","guid":{"rendered":"https:\/\/www.cematec.org\/laser-sistema-fp3\/"},"modified":"2022-06-16T22:07:39","modified_gmt":"2022-06-16T20:07:39","slug":"laser-sistema-fp3","status":"publish","type":"page","link":"https:\/\/www.cematec.org\/ca\/tractaments\/tractaments-fisics\/laser-sistema-fp3\/","title":{"rendered":"L\u00e0ser sistema FP3"},"content":{"rendered":"<p><div class=\"fusion-fullwidth fullwidth-box fusion-builder-row-1 hundred-percent-fullwidth non-hundred-percent-height-scrolling\"  style='background-color: rgba(255,255,255,0);background-position: center center;background-repeat: no-repeat;padding-top:0px;padding-right:0px;padding-bottom:0px;padding-left:0px;margin-bottom: 0px;margin-top: 0px;'><div class=\"fusion-builder-row fusion-row \"><div  class=\"fusion-layout-column fusion_builder_column fusion_builder_column_1_3 fusion-builder-column-0 fusion-one-third fusion-column-first 1_3\"  style='margin-top:0px;margin-bottom:0px;width:33.33%;width:calc(33.33% - ( ( 6% + 6% ) * 0.3333 ) );margin-right: 6%;'><div class=\"fusion-column-wrapper\" style=\"padding: 50px 0% 0% 0%;background-position:left top;background-repeat:no-repeat;-webkit-background-size:cover;-moz-background-size:cover;-o-background-size:cover;background-size:cover;\"   data-bg-url=\"\"><div class=\"imageframe-align-center\"><span style=\"width:100%;max-width:300px;\" class=\"fusion-imageframe imageframe-none imageframe-1 hover-type-none\"><a class=\"fusion-no-lightbox\" href=\"https:\/\/www.cematec.org\/ca\/laser-en-cervicals\/\" target=\"_self\" aria-label=\"laser-distintos-apartados\"><img decoding=\"async\" loading=\"lazy\" src=\"http:\/\/www.deepface.es\/wp-content\/uploads\/2019\/06\/laser-distintos-apartados.jpg\" width=\"480\" height=\"360\" alt=\"\" class=\"img-responsive wp-image-1533\" srcset=\"https:\/\/www.cematec.org\/wp-content\/uploads\/2019\/06\/laser-distintos-apartados-200x150.jpg 200w, https:\/\/www.cematec.org\/wp-content\/uploads\/2019\/06\/laser-distintos-apartados-400x300.jpg 400w, https:\/\/www.cematec.org\/wp-content\/uploads\/2019\/06\/laser-distintos-apartados.jpg 480w\" sizes=\"(max-width: 1024px) 100vw, 400px\" \/><\/a><\/span><\/div><div class=\"fusion-sep-clear\"><\/div><div class=\"fusion-separator fusion-full-width-sep sep-none\" style=\"margin-left: auto;margin-right: auto;margin-top:10px;margin-bottom:10px;\"><\/div><div class=\"fusion-button-wrapper fusion-aligncenter\"><style type=\"text\/css\">.fusion-button.button-1 {border-radius:0px;}<\/style><a class=\"fusion-button button-flat fusion-button-default-size button-default button-1 fusion-button-default-span fusion-button-default-type\" target=\"_self\" href=\"https:\/\/www.cematec.org\/ca\/laser-en-cervicals\/\"><span class=\"fusion-button-text\">L\u00e0ser en cervicals<\/span><\/a><\/div><div class=\"fusion-clearfix\"><\/div><\/div><\/div><div  class=\"fusion-layout-column fusion_builder_column fusion_builder_column_1_3 fusion-builder-column-1 fusion-one-third 1_3\"  style='margin-top:0px;margin-bottom:0px;width:33.33%;width:calc(33.33% - ( ( 6% + 6% ) * 0.3333 ) );margin-right: 6%;'><div class=\"fusion-column-wrapper\" style=\"padding: 50px 0% 0% 0%;background-position:left top;background-repeat:no-repeat;-webkit-background-size:cover;-moz-background-size:cover;-o-background-size:cover;background-size:cover;\"   data-bg-url=\"\"><div class=\"imageframe-align-center\"><span style=\"width:100%;max-width:300px;\" class=\"fusion-imageframe imageframe-none imageframe-2 hover-type-none\"><a class=\"fusion-no-lightbox\" href=\"https:\/\/www.cematec.org\/ca\/laser-a-lumbars\/\" target=\"_self\" aria-label=\"Laser-raquis-lumbar\"><img decoding=\"async\" loading=\"lazy\" src=\"http:\/\/www.deepface.es\/wp-content\/uploads\/2019\/06\/Laser-raquis-lumbar.jpg\" width=\"480\" height=\"360\" alt=\"\" class=\"img-responsive wp-image-1595\" srcset=\"https:\/\/www.cematec.org\/wp-content\/uploads\/2019\/06\/Laser-raquis-lumbar-200x150.jpg 200w, https:\/\/www.cematec.org\/wp-content\/uploads\/2019\/06\/Laser-raquis-lumbar-400x300.jpg 400w, https:\/\/www.cematec.org\/wp-content\/uploads\/2019\/06\/Laser-raquis-lumbar.jpg 480w\" sizes=\"(max-width: 1024px) 100vw, 400px\" \/><\/a><\/span><\/div><div class=\"fusion-sep-clear\"><\/div><div class=\"fusion-separator fusion-full-width-sep sep-none\" style=\"margin-left: auto;margin-right: auto;margin-top:10px;margin-bottom:10px;\"><\/div><div class=\"fusion-button-wrapper fusion-aligncenter\"><style type=\"text\/css\">.fusion-button.button-2 {border-radius:0px;}<\/style><a class=\"fusion-button button-flat fusion-button-default-size button-default button-2 fusion-button-default-span fusion-button-default-type\" target=\"_self\" href=\"https:\/\/www.cematec.org\/ca\/laser-a-lumbars\/\"><span class=\"fusion-button-text\">L\u00e0ser a lumbars<\/span><\/a><\/div><div class=\"fusion-clearfix\"><\/div><\/div><\/div><div  class=\"fusion-layout-column fusion_builder_column fusion_builder_column_1_3 fusion-builder-column-2 fusion-one-third fusion-column-last 1_3\"  style='margin-top:0px;margin-bottom:0px;width:33.33%;width:calc(33.33% - ( ( 6% + 6% ) * 0.3333 ) );'><div class=\"fusion-column-wrapper\" style=\"padding: 50px 0% 0% 0%;background-position:left top;background-repeat:no-repeat;-webkit-background-size:cover;-moz-background-size:cover;-o-background-size:cover;background-size:cover;\"   data-bg-url=\"\"><div class=\"imageframe-align-center\"><span style=\"width:100%;max-width:300px;\" class=\"fusion-imageframe imageframe-none imageframe-3 hover-type-none\"><a class=\"fusion-no-lightbox\" href=\"https:\/\/www.cematec.org\/ca\/tractament-sequeles-osteoporosi\/\" target=\"_self\" aria-label=\"rsz_laser_cervical1\"><img decoding=\"async\" loading=\"lazy\" src=\"http:\/\/www.deepface.es\/wp-content\/uploads\/2019\/06\/rsz_laser_cervical1.jpg\" width=\"480\" height=\"360\" alt=\"\" class=\"img-responsive wp-image-1607\" srcset=\"https:\/\/www.cematec.org\/wp-content\/uploads\/2019\/06\/rsz_laser_cervical1-200x150.jpg 200w, https:\/\/www.cematec.org\/wp-content\/uploads\/2019\/06\/rsz_laser_cervical1-400x300.jpg 400w, https:\/\/www.cematec.org\/wp-content\/uploads\/2019\/06\/rsz_laser_cervical1.jpg 480w\" sizes=\"(max-width: 1024px) 100vw, 400px\" \/><\/a><\/span><\/div><div class=\"fusion-sep-clear\"><\/div><div class=\"fusion-separator fusion-full-width-sep sep-none\" style=\"margin-left: auto;margin-right: auto;margin-top:10px;margin-bottom:10px;\"><\/div><div class=\"fusion-button-wrapper fusion-aligncenter\"><style type=\"text\/css\">.fusion-button.button-3 {border-radius:0px;}<\/style><a class=\"fusion-button button-flat fusion-button-default-size button-default button-3 fusion-button-default-span fusion-button-default-type\" target=\"_self\" href=\"https:\/\/www.cematec.org\/ca\/tractament-sequeles-osteoporosi\/\"><span class=\"fusion-button-text\">Tractament seq\u00fceles osteoporosi<\/span><\/a><\/div><div class=\"fusion-clearfix\"><\/div><\/div><\/div><\/div><\/div><div class=\"fusion-fullwidth fullwidth-box fusion-builder-row-2 hundred-percent-fullwidth non-hundred-percent-height-scrolling fusion-equal-height-columns\"  style='background-color: rgba(255,255,255,0);background-position: center center;background-repeat: no-repeat;padding-top:0px;padding-right:0px;padding-bottom:0px;padding-left:0px;'><div class=\"fusion-builder-row fusion-row \"><div  class=\"fusion-layout-column fusion_builder_column fusion_builder_column_1_1 fusion-builder-column-3 fusion-one-full fusion-column-first fusion-column-last 1_1\"  style='margin-top:0px;margin-bottom:0px;'><div class=\"fusion-column-wrapper\" style=\"padding: 50px 0% 100px 0%;background-position:left top;background-repeat:no-repeat;-webkit-background-size:cover;-moz-background-size:cover;-o-background-size:cover;background-size:cover;\"   data-bg-url=\"\"><div class=\"fusion-text\"><h2>QU\u00c8 \u00c9S EL L\u00c0SER SISTEMA FP3?<\/h2>\n<p>El Laser Sistema FP3 \u00e9s un m\u00e8tode de tractament que utilitza un l\u00e0ser terap\u00e8utic i espec\u00edfic amb tres longituds d&#8217;ona defocalitzades per aconseguir vehicular l&#8217;energia en profunditat i obtenir un efecte analg\u00e8sic, antiinflamatori i bioestimulant de la regeneraci\u00f3 dels teixits.<\/p>\n<p>Les caracter\u00edstiques espec\u00edfiques del Laser FP3 System li donen una alta pot\u00e8ncia, una elevada penetraci\u00f3 en els teixits, aix\u00ed com una extraordin\u00e0ria ductilitat i manejabilitat en l&#8217;execuci\u00f3 del tractament.<\/p>\n<p>L&#8217;efecte analg\u00e8sic est\u00e0 en relaci\u00f3 amb la despolaritzaci\u00f3 de les fibres sensitives, l&#8217;antinflamatori per l&#8217;oxigenaci\u00f3 cel\u00b7lular i el drenatge a la microcirculaci\u00f3. S&#8217;obt\u00e9 una bioestimulaci\u00f3 per un augment de metabolisme cel\u00b7lular i l&#8217;estimulaci\u00f3 dels fibroblasts, responsables de la reparaci\u00f3 dels teixits.<\/p>\n<p>Totes aquestes propietats li confereixen un alt potencial d&#8217;efectivitat en el tractament del dolor, la inflamaci\u00f3 i la regeneraci\u00f3 de teixits en m\u00faltiples patologies agudes i cr\u00f2niques.<\/p>\n<p>La pot\u00e8ncia de penetraci\u00f3 \u00e9s regulable, per la qual cosa podem vehicular alta energia en profunditat, arribant a totes les zones anat\u00f2miques i nom\u00e9s limitada per la toler\u00e0ncia cut\u00e0nia a la calor.<\/p>\n<p><img decoding=\"async\" loading=\"lazy\" class=\"alignnone size-full wp-image-749\" src=\"http:\/\/www.deepface.es\/wp-content\/uploads\/2019\/05\/laser-sistema.png\" alt=\"\" width=\"630\" height=\"346\" srcset=\"https:\/\/www.cematec.org\/wp-content\/uploads\/2019\/05\/laser-sistema-200x110.png 200w, https:\/\/www.cematec.org\/wp-content\/uploads\/2019\/05\/laser-sistema-300x165.png 300w, https:\/\/www.cematec.org\/wp-content\/uploads\/2019\/05\/laser-sistema-400x220.png 400w, https:\/\/www.cematec.org\/wp-content\/uploads\/2019\/05\/laser-sistema-600x330.png 600w, https:\/\/www.cematec.org\/wp-content\/uploads\/2019\/05\/laser-sistema.png 630w\" sizes=\"(max-width: 630px) 100vw, 630px\" \/><\/p>\n<h2>PER QU\u00c8 SERVEIX EL L\u00c0SER SISTEMA FP3?<\/h2>\n<p>El l\u00e0ser sistema FP3 t\u00e9 m\u00faltiples indicacions per marcat potencial analg\u00e8sic, antiinflamatori i bioestimulant i li confereixen alt\u00edssima efic\u00e0cia a:<\/p>\n<ul>\n<li><strong>Lumb\u00e0lgia, h\u00e8rnia discal lumbar<\/strong><\/li>\n<li><strong>Cervic\u00e0lgia i h\u00e8rnia discal cervical<\/strong><\/li>\n<li><strong>Artrosi cervical i lumbar<\/strong><\/li>\n<li><strong>Artrosi de genoll<\/strong><\/li>\n<li><strong>Artritis reum\u00e0tica<\/strong><\/li>\n<li><strong>Lesi\u00f3 tendinosa aguda o cr\u00f2nica<\/strong><\/li>\n<li><strong>Esquin\u00e7os<\/strong><\/li>\n<li><strong>Lesi\u00f3 muscular<\/strong><\/li>\n<li><strong>Meniscopatia<\/strong><\/li>\n<li><strong>Bursitis, Capsulitis<\/strong><\/li>\n<li><strong>Tendinosi, tendinitis<\/strong><\/li>\n<li><strong>Tenosinovitis (De Quervain, sinovitis peroneus).<\/strong><\/li>\n<li><strong>Contusi\u00f3 \u00f2ssia i edema ossi.<\/strong><\/li>\n<li><strong>Condropatia rotuliana<\/strong><\/li>\n<li><strong>Neur\u00e0lgies i neur\u00edtis.<\/strong><\/li>\n<\/ul>\n<p>El tractament est\u00e0 especialment indicat a tota patologia amb component inflamatori i de dolor agut, cr\u00f2nic, ja sigui esportiu, traum\u00e0tic o degeneratiu.<\/p>\n<p><img decoding=\"async\" loading=\"lazy\" class=\"alignnone size-full wp-image-750\" src=\"http:\/\/www.deepface.es\/wp-content\/uploads\/2019\/05\/laser-sistema-2.png\" alt=\"\" width=\"632\" height=\"635\" srcset=\"https:\/\/www.cematec.org\/wp-content\/uploads\/2019\/05\/laser-sistema-2-66x66.png 66w, https:\/\/www.cematec.org\/wp-content\/uploads\/2019\/05\/laser-sistema-2-150x150.png 150w, https:\/\/www.cematec.org\/wp-content\/uploads\/2019\/05\/laser-sistema-2-200x201.png 200w, https:\/\/www.cematec.org\/wp-content\/uploads\/2019\/05\/laser-sistema-2-300x300.png 300w, https:\/\/www.cematec.org\/wp-content\/uploads\/2019\/05\/laser-sistema-2-400x402.png 400w, https:\/\/www.cematec.org\/wp-content\/uploads\/2019\/05\/laser-sistema-2-600x603.png 600w, https:\/\/www.cematec.org\/wp-content\/uploads\/2019\/05\/laser-sistema-2.png 632w\" sizes=\"(max-width: 632px) 100vw, 632px\" \/><\/p>\n<h2>QUI ES POT TRACTAR?<\/h2>\n<p>No hi ha contraindicacions, a excepci\u00f3 de neopl\u00e0sies o infeccions que no tenen cobertura antibi\u00f2tica. Es pot realitzar tot pacient, per\u00f2 a la pell molt fosca s&#8217;han d&#8217;extremar les precaucions per no produir lesions t\u00e8rmiques. Com a l\u00e0ser no espec\u00edfic sota cap concepte pot dirigir-se a lull i es prendran precaucions estrictes.<\/p>\n<h2>COM S&#8217;APLICA?<\/h2>\n<p>S&#8217;aplica directament sobre la pell a trav\u00e9s de les finestres terap\u00e8utiques, no provoca dolor i l&#8217;\u00fanica sensaci\u00f3 \u00e9s la toler\u00e0ncia a la calor.<\/p>\n<h2>QUAN ES NOTA LA MILLORIA?<\/h2>\n<p>La millora pot notar-se de forma immediata a les primeres sessions en patologies agudes, per\u00f2 aquesta ser\u00e0 progressiva al llarg del seu tractament i fins a les 2-3 setmanes d&#8217;acabar aquest tractament. No obstant aix\u00f2, en patologies cr\u00f2niques l&#8217;efecte biol\u00f2gic triga m\u00e9s a obtenir els resultats i algunes necessiten una segona tanda de tractament.<\/p>\n<h2>QUINA DURADA T\u00c9 EL TRACTAMENT?<\/h2>\n<p>Dep\u00e8n de la patologia i aquesta es repartir\u00e0 en 6 sessions i la seva durada ser\u00e0 d&#8217;uns 10 minuts cadascuna.<\/p>\n<h2>COM ES QUE HO PUC REALITZAR?<\/h2>\n<p>Caldr\u00e0 valorar de la idone\u00eftat daquesta metodologia amb un diagn\u00f2stic prec\u00eds i una indicaci\u00f3 individualitzada per obtenir la m\u00e0xima efic\u00e0cia<\/p>\n<\/div><div class=\"fusion-clearfix\"><\/div><\/div><\/div><\/div><\/div><\/p>\n","protected":false},"excerpt":{"rendered":"","protected":false},"author":1,"featured_media":0,"parent":1859,"menu_order":0,"comment_status":"closed","ping_status":"closed","template":"","meta":{"footnotes":""},"yoast_head":"<!-- This site is optimized with the Yoast SEO plugin v21.0 - https:\/\/yoast.com\/wordpress\/plugins\/seo\/ -->\n<title>L\u00e0ser sistema FP3 - CEMATEC<\/title>\n<meta name=\"robots\" content=\"index, follow, max-snippet:-1, max-image-preview:large, max-video-preview:-1\" \/>\n<link rel=\"canonical\" href=\"https:\/\/www.cematec.org\/ca\/tractaments\/tractaments-fisics\/laser-sistema-fp3\/\" \/>\n<meta property=\"og:locale\" content=\"ca_ES\" \/>\n<meta property=\"og:type\" content=\"article\" \/>\n<meta property=\"og:title\" content=\"L\u00e0ser sistema FP3 - CEMATEC\" \/>\n<meta property=\"og:url\" content=\"https:\/\/www.cematec.org\/ca\/tractaments\/tractaments-fisics\/laser-sistema-fp3\/\" \/>\n<meta property=\"og:site_name\" content=\"CEMATEC\" \/>\n<meta property=\"article:modified_time\" content=\"2022-06-16T20:07:39+00:00\" \/>\n<meta property=\"og:image\" content=\"http:\/\/www.deepface.es\/wp-content\/uploads\/2019\/05\/laser-sistema.png\" \/>\n<meta name=\"twitter:card\" content=\"summary_large_image\" \/>\n<meta name=\"twitter:label1\" content=\"Temps estimat de lectura\" \/>\n\t<meta name=\"twitter:data1\" content=\"9 minuts\" \/>\n<script type=\"application\/ld+json\" class=\"yoast-schema-graph\">{\"@context\":\"https:\/\/schema.org\",\"@graph\":[{\"@type\":\"WebPage\",\"@id\":\"https:\/\/www.cematec.org\/ca\/tractaments\/tractaments-fisics\/laser-sistema-fp3\/\",\"url\":\"https:\/\/www.cematec.org\/ca\/tractaments\/tractaments-fisics\/laser-sistema-fp3\/\",\"name\":\"L\u00e0ser sistema FP3 - CEMATEC\",\"isPartOf\":{\"@id\":\"https:\/\/www.cematec.org\/ca\/#website\"},\"datePublished\":\"2019-05-03T07:46:16+00:00\",\"dateModified\":\"2022-06-16T20:07:39+00:00\",\"breadcrumb\":{\"@id\":\"https:\/\/www.cematec.org\/ca\/tractaments\/tractaments-fisics\/laser-sistema-fp3\/#breadcrumb\"},\"inLanguage\":\"ca\",\"potentialAction\":[{\"@type\":\"ReadAction\",\"target\":[\"https:\/\/www.cematec.org\/ca\/tractaments\/tractaments-fisics\/laser-sistema-fp3\/\"]}]},{\"@type\":\"BreadcrumbList\",\"@id\":\"https:\/\/www.cematec.org\/ca\/tractaments\/tractaments-fisics\/laser-sistema-fp3\/#breadcrumb\",\"itemListElement\":[{\"@type\":\"ListItem\",\"position\":1,\"name\":\"Portada\",\"item\":\"https:\/\/www.cematec.org\/ca\/\"},{\"@type\":\"ListItem\",\"position\":2,\"name\":\"Tractaments\",\"item\":\"https:\/\/www.cematec.org\/ca\/tratamientos\/\"},{\"@type\":\"ListItem\",\"position\":3,\"name\":\"Tractaments F\u00edsics\",\"item\":\"https:\/\/www.cematec.org\/ca\/tratamientos\/tratamientos-fisicos\/\"},{\"@type\":\"ListItem\",\"position\":4,\"name\":\"L\u00e0ser sistema FP3\"}]},{\"@type\":\"WebSite\",\"@id\":\"https:\/\/www.cematec.org\/ca\/#website\",\"url\":\"https:\/\/www.cematec.org\/ca\/\",\"name\":\"CEMATEC\",\"description\":\"Traumatolog\u00eda Barcelona\",\"publisher\":{\"@id\":\"https:\/\/www.cematec.org\/ca\/#organization\"},\"potentialAction\":[{\"@type\":\"SearchAction\",\"target\":{\"@type\":\"EntryPoint\",\"urlTemplate\":\"https:\/\/www.cematec.org\/ca\/?s={search_term_string}\"},\"query-input\":\"required name=search_term_string\"}],\"inLanguage\":\"ca\"},{\"@type\":\"Organization\",\"@id\":\"https:\/\/www.cematec.org\/ca\/#organization\",\"name\":\"CEMATEC\",\"url\":\"https:\/\/www.cematec.org\/ca\/\",\"logo\":{\"@type\":\"ImageObject\",\"inLanguage\":\"ca\",\"@id\":\"https:\/\/www.cematec.org\/ca\/#\/schema\/logo\/image\/\",\"url\":\"https:\/\/www.cematec.org\/wp-content\/uploads\/2019\/04\/Logo.gif\",\"contentUrl\":\"https:\/\/www.cematec.org\/wp-content\/uploads\/2019\/04\/Logo.gif\",\"width\":400,\"height\":136,\"caption\":\"CEMATEC\"},\"image\":{\"@id\":\"https:\/\/www.cematec.org\/ca\/#\/schema\/logo\/image\/\"}}]}<\/script>\n<!-- \/ Yoast SEO plugin. -->","yoast_head_json":{"title":"L\u00e0ser sistema FP3 - CEMATEC","robots":{"index":"index","follow":"follow","max-snippet":"max-snippet:-1","max-image-preview":"max-image-preview:large","max-video-preview":"max-video-preview:-1"},"canonical":"https:\/\/www.cematec.org\/ca\/tractaments\/tractaments-fisics\/laser-sistema-fp3\/","og_locale":"ca_ES","og_type":"article","og_title":"L\u00e0ser sistema FP3 - CEMATEC","og_url":"https:\/\/www.cematec.org\/ca\/tractaments\/tractaments-fisics\/laser-sistema-fp3\/","og_site_name":"CEMATEC","article_modified_time":"2022-06-16T20:07:39+00:00","og_image":[{"url":"http:\/\/www.deepface.es\/wp-content\/uploads\/2019\/05\/laser-sistema.png"}],"twitter_card":"summary_large_image","twitter_misc":{"Temps estimat de lectura":"9 minuts"},"schema":{"@context":"https:\/\/schema.org","@graph":[{"@type":"WebPage","@id":"https:\/\/www.cematec.org\/ca\/tractaments\/tractaments-fisics\/laser-sistema-fp3\/","url":"https:\/\/www.cematec.org\/ca\/tractaments\/tractaments-fisics\/laser-sistema-fp3\/","name":"L\u00e0ser sistema FP3 - CEMATEC","isPartOf":{"@id":"https:\/\/www.cematec.org\/ca\/#website"},"datePublished":"2019-05-03T07:46:16+00:00","dateModified":"2022-06-16T20:07:39+00:00","breadcrumb":{"@id":"https:\/\/www.cematec.org\/ca\/tractaments\/tractaments-fisics\/laser-sistema-fp3\/#breadcrumb"},"inLanguage":"ca","potentialAction":[{"@type":"ReadAction","target":["https:\/\/www.cematec.org\/ca\/tractaments\/tractaments-fisics\/laser-sistema-fp3\/"]}]},{"@type":"BreadcrumbList","@id":"https:\/\/www.cematec.org\/ca\/tractaments\/tractaments-fisics\/laser-sistema-fp3\/#breadcrumb","itemListElement":[{"@type":"ListItem","position":1,"name":"Portada","item":"https:\/\/www.cematec.org\/ca\/"},{"@type":"ListItem","position":2,"name":"Tractaments","item":"https:\/\/www.cematec.org\/ca\/tratamientos\/"},{"@type":"ListItem","position":3,"name":"Tractaments F\u00edsics","item":"https:\/\/www.cematec.org\/ca\/tratamientos\/tratamientos-fisicos\/"},{"@type":"ListItem","position":4,"name":"L\u00e0ser sistema FP3"}]},{"@type":"WebSite","@id":"https:\/\/www.cematec.org\/ca\/#website","url":"https:\/\/www.cematec.org\/ca\/","name":"CEMATEC","description":"Traumatolog\u00eda Barcelona","publisher":{"@id":"https:\/\/www.cematec.org\/ca\/#organization"},"potentialAction":[{"@type":"SearchAction","target":{"@type":"EntryPoint","urlTemplate":"https:\/\/www.cematec.org\/ca\/?s={search_term_string}"},"query-input":"required name=search_term_string"}],"inLanguage":"ca"},{"@type":"Organization","@id":"https:\/\/www.cematec.org\/ca\/#organization","name":"CEMATEC","url":"https:\/\/www.cematec.org\/ca\/","logo":{"@type":"ImageObject","inLanguage":"ca","@id":"https:\/\/www.cematec.org\/ca\/#\/schema\/logo\/image\/","url":"https:\/\/www.cematec.org\/wp-content\/uploads\/2019\/04\/Logo.gif","contentUrl":"https:\/\/www.cematec.org\/wp-content\/uploads\/2019\/04\/Logo.gif","width":400,"height":136,"caption":"CEMATEC"},"image":{"@id":"https:\/\/www.cematec.org\/ca\/#\/schema\/logo\/image\/"}}]}},"_links":{"self":[{"href":"https:\/\/www.cematec.org\/ca\/wp-json\/wp\/v2\/pages\/1841"}],"collection":[{"href":"https:\/\/www.cematec.org\/ca\/wp-json\/wp\/v2\/pages"}],"about":[{"href":"https:\/\/www.cematec.org\/ca\/wp-json\/wp\/v2\/types\/page"}],"author":[{"embeddable":true,"href":"https:\/\/www.cematec.org\/ca\/wp-json\/wp\/v2\/users\/1"}],"replies":[{"embeddable":true,"href":"https:\/\/www.cematec.org\/ca\/wp-json\/wp\/v2\/comments?post=1841"}],"version-history":[{"count":10,"href":"https:\/\/www.cematec.org\/ca\/wp-json\/wp\/v2\/pages\/1841\/revisions"}],"predecessor-version":[{"id":1865,"href":"https:\/\/www.cematec.org\/ca\/wp-json\/wp\/v2\/pages\/1841\/revisions\/1865"}],"up":[{"embeddable":true,"href":"https:\/\/www.cematec.org\/ca\/wp-json\/wp\/v2\/pages\/1859"}],"wp:attachment":[{"href":"https:\/\/www.cematec.org\/ca\/wp-json\/wp\/v2\/media?parent=1841"}],"curies":[{"name":"wp","href":"https:\/\/api.w.org\/{rel}","templated":true}]}}