{"id":1829,"date":"2019-05-03T09:49:21","date_gmt":"2019-05-03T07:49:21","guid":{"rendered":"https:\/\/www.cematec.org\/laser-en-cervicals\/"},"modified":"2022-06-16T22:06:45","modified_gmt":"2022-06-16T20:06:45","slug":"laser-en-cervicals","status":"publish","type":"page","link":"https:\/\/www.cematec.org\/ca\/tractaments\/tractaments-fisics\/laser-sistema-fp3\/laser-en-cervicals\/","title":{"rendered":"L\u00e0ser en cervicals"},"content":{"rendered":"<div class=\"fusion-fullwidth fullwidth-box fusion-builder-row-1 hundred-percent-fullwidth non-hundred-percent-height-scrolling fusion-equal-height-columns\"  style='background-color: rgba(255,255,255,0);background-position: center center;background-repeat: no-repeat;padding-top:0px;padding-right:0px;padding-bottom:0px;padding-left:0px;'><div class=\"fusion-builder-row fusion-row \"><div  class=\"fusion-layout-column fusion_builder_column fusion_builder_column_1_1 fusion-builder-column-0 fusion-one-full fusion-column-first fusion-column-last 1_1\"  style='margin-top:0px;margin-bottom:0px;'><div class=\"fusion-column-wrapper\" style=\"padding: 50px 0% 100px 0%;background-position:left top;background-repeat:no-repeat;-webkit-background-size:cover;-moz-background-size:cover;-o-background-size:cover;background-size:cover;\"   data-bg-url=\"\"><div class=\"fusion-text\"><p>El <strong><span data-scayt_word=\"tratamiento\" data-scaytid=\"1\">tractament<\/span> amb l\u00e0ser <span data-scayt_word=\"sistema\" data-scaytid=\"2\">sistema<\/span> <span data-scayt_word=\"FP3\" data-scaytid=\"3\">FP3<\/span><\/strong> de <span data-scayt_word=\"las\" data-scaytid=\"4\">les<\/span> <strong><span data-scayt_word=\"cervicalgias\" data-scaytid=\"5\">cervic\u00e0lgies<\/span><\/strong> <span data-scayt_word=\"est\u00e1\" data-scaytid=\"6\">est\u00e0<\/span> <span data-scayt_word=\"especialmente\" data-scaytid=\"7\">especialment<\/span> <span data-scayt_word=\"indicado\" data-scaytid=\"8\">indicat<\/span> a <span data-scayt_word=\"toda\" data-scaytid=\"9\">tota<\/span> <span data-scayt_word=\"patolog\u00eda\" data-scaytid=\"10\">patologia<\/span> de <strong>h\u00e8rnia <span data-scayt_word=\"discal\" data-scaytid=\"11\">discal<\/span> cervical<\/strong> sense <span data-scayt_word=\"d\u00e9ficits\" data-scaytid=\"12\">d\u00e8ficits<\/span> <span data-scayt_word=\"neurol\u00f3gcos\" data-scaytid=\"13\">neurol\u00f2gics<\/span> greus, <strong><span data-scayt_word=\"artrosis\" data-scaytid=\"14\">artrosi<\/span> cervical<\/strong>,  <strong><span data-scayt_word=\"latigazo\" data-scaytid=\"15\">fuetada<\/span> cervical<\/strong>,  <strong><span data-scayt_word=\"sobrecarga\" data-scaytid=\"16\">sobrec\u00e0rrega<\/span> postural cervical<\/strong> <span data-scayt_word=\"por\" data-scaytid=\"17\">pel<\/span> <span data-scayt_word=\"trabajo\" data-scaytid=\"18\">treball<\/span> o <strong>contractures cervicals<\/strong> ja siguin d&#8217;origen esportiu, traum\u00e0tic o degeneratiu.<\/p>\n<p><img decoding=\"async\" loading=\"lazy\" class=\"alignnone size-full wp-image-754\" src=\"http:\/\/www.deepface.es\/wp-content\/uploads\/2019\/05\/cervical.png\" alt=\"\" width=\"626\" height=\"598\" srcset=\"https:\/\/www.cematec.org\/wp-content\/uploads\/2019\/05\/cervical-200x191.png 200w, https:\/\/www.cematec.org\/wp-content\/uploads\/2019\/05\/cervical-300x287.png 300w, https:\/\/www.cematec.org\/wp-content\/uploads\/2019\/05\/cervical-400x382.png 400w, https:\/\/www.cematec.org\/wp-content\/uploads\/2019\/05\/cervical-600x573.png 600w, https:\/\/www.cematec.org\/wp-content\/uploads\/2019\/05\/cervical.png 626w\" sizes=\"(max-width: 626px) 100vw, 626px\" \/><\/p>\n<p>El l\u00e0ser FP3 \u00e9s altament efica\u00e7 en la majoria de patologies cervicals, no provoca cap mol\u00e8stia i \u00e9s una alternativa a moltes cirurgies.<\/p>\n<p><img decoding=\"async\" loading=\"lazy\" class=\"alignnone size-full wp-image-753\" src=\"http:\/\/www.deepface.es\/wp-content\/uploads\/2019\/05\/cervical-2.png\" alt=\"\" width=\"625\" height=\"320\" srcset=\"https:\/\/www.cematec.org\/wp-content\/uploads\/2019\/05\/cervical-2-200x102.png 200w, https:\/\/www.cematec.org\/wp-content\/uploads\/2019\/05\/cervical-2-300x154.png 300w, https:\/\/www.cematec.org\/wp-content\/uploads\/2019\/05\/cervical-2-400x205.png 400w, https:\/\/www.cematec.org\/wp-content\/uploads\/2019\/05\/cervical-2-600x307.png 600w, https:\/\/www.cematec.org\/wp-content\/uploads\/2019\/05\/cervical-2.png 625w\" sizes=\"(max-width: 625px) 100vw, 625px\" \/><\/p>\n<\/div><div class=\"fusion-clearfix\"><\/div><\/div><\/div><\/div><\/div>\n","protected":false},"excerpt":{"rendered":"","protected":false},"author":1,"featured_media":0,"parent":1841,"menu_order":0,"comment_status":"closed","ping_status":"closed","template":"","meta":{"footnotes":""},"yoast_head":"<!-- This site is optimized with the Yoast SEO plugin v21.0 - https:\/\/yoast.com\/wordpress\/plugins\/seo\/ -->\n<title>L\u00e0ser en cervicals - CEMATEC<\/title>\n<meta name=\"robots\" content=\"index, follow, max-snippet:-1, max-image-preview:large, max-video-preview:-1\" \/>\n<link rel=\"canonical\" href=\"https:\/\/www.cematec.org\/ca\/tractaments\/tractaments-fisics\/laser-sistema-fp3\/laser-en-cervicals\/\" \/>\n<meta property=\"og:locale\" content=\"ca_ES\" \/>\n<meta property=\"og:type\" content=\"article\" \/>\n<meta property=\"og:title\" content=\"L\u00e0ser en cervicals - CEMATEC\" \/>\n<meta property=\"og:url\" content=\"https:\/\/www.cematec.org\/ca\/tractaments\/tractaments-fisics\/laser-sistema-fp3\/laser-en-cervicals\/\" \/>\n<meta property=\"og:site_name\" content=\"CEMATEC\" \/>\n<meta property=\"article:modified_time\" content=\"2022-06-16T20:06:45+00:00\" \/>\n<meta property=\"og:image\" content=\"http:\/\/www.deepface.es\/wp-content\/uploads\/2019\/05\/cervical.png\" \/>\n<meta name=\"twitter:card\" content=\"summary_large_image\" \/>\n<meta name=\"twitter:label1\" content=\"Temps estimat de lectura\" \/>\n\t<meta name=\"twitter:data1\" content=\"2 minuts\" \/>\n<script type=\"application\/ld+json\" class=\"yoast-schema-graph\">{\"@context\":\"https:\/\/schema.org\",\"@graph\":[{\"@type\":\"WebPage\",\"@id\":\"https:\/\/www.cematec.org\/ca\/tractaments\/tractaments-fisics\/laser-sistema-fp3\/laser-en-cervicals\/\",\"url\":\"https:\/\/www.cematec.org\/ca\/tractaments\/tractaments-fisics\/laser-sistema-fp3\/laser-en-cervicals\/\",\"name\":\"L\u00e0ser en cervicals - CEMATEC\",\"isPartOf\":{\"@id\":\"https:\/\/www.cematec.org\/ca\/#website\"},\"datePublished\":\"2019-05-03T07:49:21+00:00\",\"dateModified\":\"2022-06-16T20:06:45+00:00\",\"breadcrumb\":{\"@id\":\"https:\/\/www.cematec.org\/ca\/tractaments\/tractaments-fisics\/laser-sistema-fp3\/laser-en-cervicals\/#breadcrumb\"},\"inLanguage\":\"ca\",\"potentialAction\":[{\"@type\":\"ReadAction\",\"target\":[\"https:\/\/www.cematec.org\/ca\/tractaments\/tractaments-fisics\/laser-sistema-fp3\/laser-en-cervicals\/\"]}]},{\"@type\":\"BreadcrumbList\",\"@id\":\"https:\/\/www.cematec.org\/ca\/tractaments\/tractaments-fisics\/laser-sistema-fp3\/laser-en-cervicals\/#breadcrumb\",\"itemListElement\":[{\"@type\":\"ListItem\",\"position\":1,\"name\":\"Portada\",\"item\":\"https:\/\/www.cematec.org\/ca\/\"},{\"@type\":\"ListItem\",\"position\":2,\"name\":\"Tractaments\",\"item\":\"https:\/\/www.cematec.org\/ca\/tratamientos\/\"},{\"@type\":\"ListItem\",\"position\":3,\"name\":\"Tractaments F\u00edsics\",\"item\":\"https:\/\/www.cematec.org\/ca\/tratamientos\/tratamientos-fisicos\/\"},{\"@type\":\"ListItem\",\"position\":4,\"name\":\"L\u00e0ser sistema FP3\",\"item\":\"https:\/\/www.cematec.org\/ca\/tratamientos\/tratamientos-fisicos\/laser-sistema-fp3\/\"},{\"@type\":\"ListItem\",\"position\":5,\"name\":\"L\u00e0ser en cervicals\"}]},{\"@type\":\"WebSite\",\"@id\":\"https:\/\/www.cematec.org\/ca\/#website\",\"url\":\"https:\/\/www.cematec.org\/ca\/\",\"name\":\"CEMATEC\",\"description\":\"Traumatolog\u00eda Barcelona\",\"publisher\":{\"@id\":\"https:\/\/www.cematec.org\/ca\/#organization\"},\"potentialAction\":[{\"@type\":\"SearchAction\",\"target\":{\"@type\":\"EntryPoint\",\"urlTemplate\":\"https:\/\/www.cematec.org\/ca\/?s={search_term_string}\"},\"query-input\":\"required name=search_term_string\"}],\"inLanguage\":\"ca\"},{\"@type\":\"Organization\",\"@id\":\"https:\/\/www.cematec.org\/ca\/#organization\",\"name\":\"CEMATEC\",\"url\":\"https:\/\/www.cematec.org\/ca\/\",\"logo\":{\"@type\":\"ImageObject\",\"inLanguage\":\"ca\",\"@id\":\"https:\/\/www.cematec.org\/ca\/#\/schema\/logo\/image\/\",\"url\":\"https:\/\/www.cematec.org\/wp-content\/uploads\/2019\/04\/Logo.gif\",\"contentUrl\":\"https:\/\/www.cematec.org\/wp-content\/uploads\/2019\/04\/Logo.gif\",\"width\":400,\"height\":136,\"caption\":\"CEMATEC\"},\"image\":{\"@id\":\"https:\/\/www.cematec.org\/ca\/#\/schema\/logo\/image\/\"}}]}<\/script>\n<!-- \/ Yoast SEO plugin. -->","yoast_head_json":{"title":"L\u00e0ser en cervicals - CEMATEC","robots":{"index":"index","follow":"follow","max-snippet":"max-snippet:-1","max-image-preview":"max-image-preview:large","max-video-preview":"max-video-preview:-1"},"canonical":"https:\/\/www.cematec.org\/ca\/tractaments\/tractaments-fisics\/laser-sistema-fp3\/laser-en-cervicals\/","og_locale":"ca_ES","og_type":"article","og_title":"L\u00e0ser en cervicals - CEMATEC","og_url":"https:\/\/www.cematec.org\/ca\/tractaments\/tractaments-fisics\/laser-sistema-fp3\/laser-en-cervicals\/","og_site_name":"CEMATEC","article_modified_time":"2022-06-16T20:06:45+00:00","og_image":[{"url":"http:\/\/www.deepface.es\/wp-content\/uploads\/2019\/05\/cervical.png"}],"twitter_card":"summary_large_image","twitter_misc":{"Temps estimat de lectura":"2 minuts"},"schema":{"@context":"https:\/\/schema.org","@graph":[{"@type":"WebPage","@id":"https:\/\/www.cematec.org\/ca\/tractaments\/tractaments-fisics\/laser-sistema-fp3\/laser-en-cervicals\/","url":"https:\/\/www.cematec.org\/ca\/tractaments\/tractaments-fisics\/laser-sistema-fp3\/laser-en-cervicals\/","name":"L\u00e0ser en cervicals - CEMATEC","isPartOf":{"@id":"https:\/\/www.cematec.org\/ca\/#website"},"datePublished":"2019-05-03T07:49:21+00:00","dateModified":"2022-06-16T20:06:45+00:00","breadcrumb":{"@id":"https:\/\/www.cematec.org\/ca\/tractaments\/tractaments-fisics\/laser-sistema-fp3\/laser-en-cervicals\/#breadcrumb"},"inLanguage":"ca","potentialAction":[{"@type":"ReadAction","target":["https:\/\/www.cematec.org\/ca\/tractaments\/tractaments-fisics\/laser-sistema-fp3\/laser-en-cervicals\/"]}]},{"@type":"BreadcrumbList","@id":"https:\/\/www.cematec.org\/ca\/tractaments\/tractaments-fisics\/laser-sistema-fp3\/laser-en-cervicals\/#breadcrumb","itemListElement":[{"@type":"ListItem","position":1,"name":"Portada","item":"https:\/\/www.cematec.org\/ca\/"},{"@type":"ListItem","position":2,"name":"Tractaments","item":"https:\/\/www.cematec.org\/ca\/tratamientos\/"},{"@type":"ListItem","position":3,"name":"Tractaments F\u00edsics","item":"https:\/\/www.cematec.org\/ca\/tratamientos\/tratamientos-fisicos\/"},{"@type":"ListItem","position":4,"name":"L\u00e0ser sistema FP3","item":"https:\/\/www.cematec.org\/ca\/tratamientos\/tratamientos-fisicos\/laser-sistema-fp3\/"},{"@type":"ListItem","position":5,"name":"L\u00e0ser en cervicals"}]},{"@type":"WebSite","@id":"https:\/\/www.cematec.org\/ca\/#website","url":"https:\/\/www.cematec.org\/ca\/","name":"CEMATEC","description":"Traumatolog\u00eda Barcelona","publisher":{"@id":"https:\/\/www.cematec.org\/ca\/#organization"},"potentialAction":[{"@type":"SearchAction","target":{"@type":"EntryPoint","urlTemplate":"https:\/\/www.cematec.org\/ca\/?s={search_term_string}"},"query-input":"required name=search_term_string"}],"inLanguage":"ca"},{"@type":"Organization","@id":"https:\/\/www.cematec.org\/ca\/#organization","name":"CEMATEC","url":"https:\/\/www.cematec.org\/ca\/","logo":{"@type":"ImageObject","inLanguage":"ca","@id":"https:\/\/www.cematec.org\/ca\/#\/schema\/logo\/image\/","url":"https:\/\/www.cematec.org\/wp-content\/uploads\/2019\/04\/Logo.gif","contentUrl":"https:\/\/www.cematec.org\/wp-content\/uploads\/2019\/04\/Logo.gif","width":400,"height":136,"caption":"CEMATEC"},"image":{"@id":"https:\/\/www.cematec.org\/ca\/#\/schema\/logo\/image\/"}}]}},"_links":{"self":[{"href":"https:\/\/www.cematec.org\/ca\/wp-json\/wp\/v2\/pages\/1829"}],"collection":[{"href":"https:\/\/www.cematec.org\/ca\/wp-json\/wp\/v2\/pages"}],"about":[{"href":"https:\/\/www.cematec.org\/ca\/wp-json\/wp\/v2\/types\/page"}],"author":[{"embeddable":true,"href":"https:\/\/www.cematec.org\/ca\/wp-json\/wp\/v2\/users\/1"}],"replies":[{"embeddable":true,"href":"https:\/\/www.cematec.org\/ca\/wp-json\/wp\/v2\/comments?post=1829"}],"version-history":[{"count":4,"href":"https:\/\/www.cematec.org\/ca\/wp-json\/wp\/v2\/pages\/1829\/revisions"}],"predecessor-version":[{"id":1835,"href":"https:\/\/www.cematec.org\/ca\/wp-json\/wp\/v2\/pages\/1829\/revisions\/1835"}],"up":[{"embeddable":true,"href":"https:\/\/www.cematec.org\/ca\/wp-json\/wp\/v2\/pages\/1841"}],"wp:attachment":[{"href":"https:\/\/www.cematec.org\/ca\/wp-json\/wp\/v2\/media?parent=1829"}],"curies":[{"name":"wp","href":"https:\/\/api.w.org\/{rel}","templated":true}]}}