{"id":1637,"date":"2019-05-03T10:22:45","date_gmt":"2019-05-03T08:22:45","guid":{"rendered":"https:\/\/www.cematec.org\/traumatologia\/artroscopies\/"},"modified":"2022-06-16T22:13:39","modified_gmt":"2022-06-16T20:13:39","slug":"artroscopies","status":"publish","type":"page","link":"https:\/\/www.cematec.org\/ca\/traumatologia\/artroscopies\/","title":{"rendered":"Artrosc\u00f2pies"},"content":{"rendered":"<p><div class=\"fusion-fullwidth fullwidth-box fusion-builder-row-1 hundred-percent-fullwidth non-hundred-percent-height-scrolling\"  style='background-color: rgba(255,255,255,0);background-position: center center;background-repeat: no-repeat;padding-top:0px;padding-right:0px;padding-bottom:25px;padding-left:0px;margin-bottom: 0px;margin-top: 0px;'><div class=\"fusion-builder-row fusion-row \"><div  class=\"fusion-layout-column fusion_builder_column fusion_builder_column_1_3 fusion-builder-column-0 fusion-one-third fusion-column-first 1_3\"  style='margin-top:0px;margin-bottom:0px;width:33.33%;width:calc(33.33% - ( ( 6% + 6% ) * 0.3333 ) );margin-right: 6%;'><div class=\"fusion-column-wrapper\" style=\"padding: 50px 0% 0% 0%;background-position:left top;background-repeat:no-repeat;-webkit-background-size:cover;-moz-background-size:cover;-o-background-size:cover;background-size:cover;\"   data-bg-url=\"\"><div class=\"imageframe-align-center\"><span style=\"width:100%;max-width:300px;\" class=\"fusion-imageframe imageframe-none imageframe-1 hover-type-none\"><a class=\"fusion-no-lightbox\" href=\"https:\/\/www.cematec.org\/ca\/traumatologia\/artroscopies\/artroscopia-de-turmell\/\" target=\"_self\" aria-label=\"tobillo\"><img decoding=\"async\" loading=\"lazy\" src=\"http:\/\/www.deepface.es\/wp-content\/uploads\/2019\/06\/tobillo.jpg\" width=\"480\" height=\"360\" alt=\"\" class=\"img-responsive wp-image-1577\" srcset=\"https:\/\/www.cematec.org\/wp-content\/uploads\/2019\/06\/tobillo-200x150.jpg 200w, https:\/\/www.cematec.org\/wp-content\/uploads\/2019\/06\/tobillo-400x300.jpg 400w, https:\/\/www.cematec.org\/wp-content\/uploads\/2019\/06\/tobillo.jpg 480w\" sizes=\"(max-width: 1024px) 100vw, 400px\" \/><\/a><\/span><\/div><div class=\"fusion-sep-clear\"><\/div><div class=\"fusion-separator fusion-full-width-sep sep-none\" style=\"margin-left: auto;margin-right: auto;margin-top:10px;margin-bottom:10px;\"><\/div><div class=\"fusion-button-wrapper fusion-aligncenter\"><style type=\"text\/css\">.fusion-button.button-1 {border-radius:0px;}<\/style><a class=\"fusion-button button-flat fusion-button-default-size button-default button-1 fusion-button-default-span fusion-button-default-type\" target=\"_self\" href=\"https:\/\/www.cematec.org\/ca\/traumatologia\/artroscopies\/artroscopia-de-turmell\/\"><span class=\"fusion-button-text\">Artrosc\u00f2pia de turmell<\/span><\/a><\/div><div class=\"fusion-clearfix\"><\/div><\/div><\/div><div  class=\"fusion-layout-column fusion_builder_column fusion_builder_column_1_3 fusion-builder-column-1 fusion-one-third 1_3\"  style='margin-top:0px;margin-bottom:0px;width:33.33%;width:calc(33.33% - ( ( 6% + 6% ) * 0.3333 ) );margin-right: 6%;'><div class=\"fusion-column-wrapper\" style=\"padding: 50px 0% 0% 0%;background-position:left top;background-repeat:no-repeat;-webkit-background-size:cover;-moz-background-size:cover;-o-background-size:cover;background-size:cover;\"   data-bg-url=\"\"><div class=\"imageframe-align-center\"><span style=\"width:100%;max-width:300px;\" class=\"fusion-imageframe imageframe-none imageframe-2 hover-type-none\"><a class=\"fusion-no-lightbox\" href=\"https:\/\/www.cematec.org\/ca\/traumatologia\/artroscopies\/artroscopia-de-genoll\/\" target=\"_self\" aria-label=\"rodilla\"><img decoding=\"async\" loading=\"lazy\" src=\"http:\/\/www.deepface.es\/wp-content\/uploads\/2019\/06\/rodilla.jpg\" width=\"480\" height=\"360\" alt=\"\" class=\"img-responsive wp-image-1575\" srcset=\"https:\/\/www.cematec.org\/wp-content\/uploads\/2019\/06\/rodilla-200x150.jpg 200w, https:\/\/www.cematec.org\/wp-content\/uploads\/2019\/06\/rodilla-400x300.jpg 400w, https:\/\/www.cematec.org\/wp-content\/uploads\/2019\/06\/rodilla.jpg 480w\" sizes=\"(max-width: 1024px) 100vw, 400px\" \/><\/a><\/span><\/div><div class=\"fusion-sep-clear\"><\/div><div class=\"fusion-separator fusion-full-width-sep sep-none\" style=\"margin-left: auto;margin-right: auto;margin-top:10px;margin-bottom:10px;\"><\/div><div class=\"fusion-button-wrapper fusion-aligncenter\"><style type=\"text\/css\">.fusion-button.button-2 {border-radius:0px;}<\/style><a class=\"fusion-button button-flat fusion-button-default-size button-default button-2 fusion-button-default-span fusion-button-default-type\" target=\"_self\" href=\"https:\/\/www.cematec.org\/ca\/traumatologia\/artroscopies\/artroscopia-de-genoll\/\"><span class=\"fusion-button-text\">Artrosc\u00f2pia de genoll<\/span><\/a><\/div><div class=\"fusion-clearfix\"><\/div><\/div><\/div><div  class=\"fusion-layout-column fusion_builder_column fusion_builder_column_1_3 fusion-builder-column-2 fusion-one-third fusion-column-last 1_3\"  style='margin-top:0px;margin-bottom:0px;width:33.33%;width:calc(33.33% - ( ( 6% + 6% ) * 0.3333 ) );'><div class=\"fusion-column-wrapper\" style=\"padding: 50px 0% 0% 0%;background-position:left top;background-repeat:no-repeat;-webkit-background-size:cover;-moz-background-size:cover;-o-background-size:cover;background-size:cover;\"   data-bg-url=\"\"><div class=\"imageframe-align-center\"><span style=\"width:100%;max-width:300px;\" class=\"fusion-imageframe imageframe-none imageframe-3 hover-type-none\"><a class=\"fusion-no-lightbox\" href=\"https:\/\/www.cematec.org\/ca\/traumatologia\/artroscopies\/artroscopia-despatlla\/\" target=\"_self\" aria-label=\"hombro\"><img decoding=\"async\" loading=\"lazy\" src=\"http:\/\/www.deepface.es\/wp-content\/uploads\/2019\/06\/hombro.jpg\" width=\"480\" height=\"360\" alt=\"\" class=\"img-responsive wp-image-1573\" srcset=\"https:\/\/www.cematec.org\/wp-content\/uploads\/2019\/06\/hombro-200x150.jpg 200w, https:\/\/www.cematec.org\/wp-content\/uploads\/2019\/06\/hombro-400x300.jpg 400w, https:\/\/www.cematec.org\/wp-content\/uploads\/2019\/06\/hombro.jpg 480w\" sizes=\"(max-width: 1024px) 100vw, 400px\" \/><\/a><\/span><\/div><div class=\"fusion-sep-clear\"><\/div><div class=\"fusion-separator fusion-full-width-sep sep-none\" style=\"margin-left: auto;margin-right: auto;margin-top:10px;margin-bottom:10px;\"><\/div><div class=\"fusion-button-wrapper fusion-aligncenter\"><style type=\"text\/css\">.fusion-button.button-3 {border-radius:0px;}<\/style><a class=\"fusion-button button-flat fusion-button-default-size button-default button-3 fusion-button-default-span fusion-button-default-type\" target=\"_self\" href=\"https:\/\/www.cematec.org\/ca\/traumatologia\/artroscopies\/artroscopia-despatlla\/\"><span class=\"fusion-button-text\">Artrosc\u00f2pia d&#8217;espatlla<\/span><\/a><\/div><div class=\"fusion-clearfix\"><\/div><\/div><\/div><\/div><\/div><div class=\"fusion-fullwidth fullwidth-box fusion-builder-row-2 hundred-percent-fullwidth non-hundred-percent-height-scrolling fusion-equal-height-columns\"  style='background-color: rgba(255,255,255,0);background-position: center center;background-repeat: no-repeat;padding-top:0px;padding-right:0px;padding-bottom:0px;padding-left:0px;'><div class=\"fusion-builder-row fusion-row \"><div  class=\"fusion-layout-column fusion_builder_column fusion_builder_column_1_1 fusion-builder-column-3 fusion-one-full fusion-column-first fusion-column-last 1_1\"  style='margin-top:0px;margin-bottom:0px;'><div class=\"fusion-column-wrapper\" style=\"padding: 0px 0% 100px 0%;background-position:left top;background-repeat:no-repeat;-webkit-background-size:cover;-moz-background-size:cover;-o-background-size:cover;background-size:cover;\"   data-bg-url=\"\"><div class=\"fusion-text\"><p>L&#8217; <strong>artrosc\u00f2pia<\/strong> \u00e9s la t\u00e8cnica amb qu\u00e8, utilitzant \u00f2ptiques del gruix d&#8217;un llapis ia trav\u00e9s d&#8217;un monitor de televisi\u00f3, podem observar l&#8217;interior d&#8217;una articulaci\u00f3. Tamb\u00e9 podem fer cirurgia dins de l&#8217;articulaci\u00f3 amb un instrumental molt petit que s&#8217;introdueix per unes petites incisions.<\/p>\n<p><img decoding=\"async\" loading=\"lazy\" class=\"alignnone size-full wp-image-811\" src=\"http:\/\/www.deepface.es\/wp-content\/uploads\/2019\/05\/artro.png\" alt=\"\" width=\"625\" height=\"177\" srcset=\"https:\/\/www.cematec.org\/wp-content\/uploads\/2019\/05\/artro-200x57.png 200w, https:\/\/www.cematec.org\/wp-content\/uploads\/2019\/05\/artro-300x85.png 300w, https:\/\/www.cematec.org\/wp-content\/uploads\/2019\/05\/artro-400x113.png 400w, https:\/\/www.cematec.org\/wp-content\/uploads\/2019\/05\/artro-600x170.png 600w, https:\/\/www.cematec.org\/wp-content\/uploads\/2019\/05\/artro.png 625w\" sizes=\"(max-width: 625px) 100vw, 625px\" \/><\/p>\n<\/div><div class=\"fusion-clearfix\"><\/div><\/div><\/div><\/div><\/div><\/p>\n","protected":false},"excerpt":{"rendered":"","protected":false},"author":1,"featured_media":0,"parent":1629,"menu_order":0,"comment_status":"closed","ping_status":"closed","template":"","meta":{"footnotes":""},"yoast_head":"<!-- This site is optimized with the Yoast SEO plugin v21.0 - https:\/\/yoast.com\/wordpress\/plugins\/seo\/ -->\n<title>Artrosc\u00f2pies - CEMATEC<\/title>\n<meta name=\"robots\" content=\"index, follow, max-snippet:-1, max-image-preview:large, max-video-preview:-1\" \/>\n<link rel=\"canonical\" href=\"https:\/\/www.cematec.org\/ca\/traumatologia\/artroscopies\/\" \/>\n<meta property=\"og:locale\" content=\"ca_ES\" \/>\n<meta property=\"og:type\" content=\"article\" \/>\n<meta property=\"og:title\" content=\"Artrosc\u00f2pies - CEMATEC\" \/>\n<meta property=\"og:url\" content=\"https:\/\/www.cematec.org\/ca\/traumatologia\/artroscopies\/\" \/>\n<meta property=\"og:site_name\" content=\"CEMATEC\" \/>\n<meta property=\"article:modified_time\" content=\"2022-06-16T20:13:39+00:00\" \/>\n<meta property=\"og:image\" content=\"http:\/\/www.deepface.es\/wp-content\/uploads\/2019\/05\/artro.png\" \/>\n<meta name=\"twitter:card\" content=\"summary_large_image\" \/>\n<meta name=\"twitter:label1\" content=\"Temps estimat de lectura\" \/>\n\t<meta name=\"twitter:data1\" content=\"7 minuts\" \/>\n<script type=\"application\/ld+json\" class=\"yoast-schema-graph\">{\"@context\":\"https:\/\/schema.org\",\"@graph\":[{\"@type\":\"WebPage\",\"@id\":\"https:\/\/www.cematec.org\/ca\/traumatologia\/artroscopies\/\",\"url\":\"https:\/\/www.cematec.org\/ca\/traumatologia\/artroscopies\/\",\"name\":\"Artrosc\u00f2pies - CEMATEC\",\"isPartOf\":{\"@id\":\"https:\/\/www.cematec.org\/ca\/#website\"},\"datePublished\":\"2019-05-03T08:22:45+00:00\",\"dateModified\":\"2022-06-16T20:13:39+00:00\",\"breadcrumb\":{\"@id\":\"https:\/\/www.cematec.org\/ca\/traumatologia\/artroscopies\/#breadcrumb\"},\"inLanguage\":\"ca\",\"potentialAction\":[{\"@type\":\"ReadAction\",\"target\":[\"https:\/\/www.cematec.org\/ca\/traumatologia\/artroscopies\/\"]}]},{\"@type\":\"BreadcrumbList\",\"@id\":\"https:\/\/www.cematec.org\/ca\/traumatologia\/artroscopies\/#breadcrumb\",\"itemListElement\":[{\"@type\":\"ListItem\",\"position\":1,\"name\":\"Portada\",\"item\":\"https:\/\/www.cematec.org\/ca\/\"},{\"@type\":\"ListItem\",\"position\":2,\"name\":\"Traumatologia\",\"item\":\"https:\/\/www.cematec.org\/ca\/traumatologia\/\"},{\"@type\":\"ListItem\",\"position\":3,\"name\":\"Artrosc\u00f2pies\"}]},{\"@type\":\"WebSite\",\"@id\":\"https:\/\/www.cematec.org\/ca\/#website\",\"url\":\"https:\/\/www.cematec.org\/ca\/\",\"name\":\"CEMATEC\",\"description\":\"Traumatolog\u00eda Barcelona\",\"publisher\":{\"@id\":\"https:\/\/www.cematec.org\/ca\/#organization\"},\"potentialAction\":[{\"@type\":\"SearchAction\",\"target\":{\"@type\":\"EntryPoint\",\"urlTemplate\":\"https:\/\/www.cematec.org\/ca\/?s={search_term_string}\"},\"query-input\":\"required name=search_term_string\"}],\"inLanguage\":\"ca\"},{\"@type\":\"Organization\",\"@id\":\"https:\/\/www.cematec.org\/ca\/#organization\",\"name\":\"CEMATEC\",\"url\":\"https:\/\/www.cematec.org\/ca\/\",\"logo\":{\"@type\":\"ImageObject\",\"inLanguage\":\"ca\",\"@id\":\"https:\/\/www.cematec.org\/ca\/#\/schema\/logo\/image\/\",\"url\":\"https:\/\/www.cematec.org\/wp-content\/uploads\/2019\/04\/Logo.gif\",\"contentUrl\":\"https:\/\/www.cematec.org\/wp-content\/uploads\/2019\/04\/Logo.gif\",\"width\":400,\"height\":136,\"caption\":\"CEMATEC\"},\"image\":{\"@id\":\"https:\/\/www.cematec.org\/ca\/#\/schema\/logo\/image\/\"}}]}<\/script>\n<!-- \/ Yoast SEO plugin. -->","yoast_head_json":{"title":"Artrosc\u00f2pies - CEMATEC","robots":{"index":"index","follow":"follow","max-snippet":"max-snippet:-1","max-image-preview":"max-image-preview:large","max-video-preview":"max-video-preview:-1"},"canonical":"https:\/\/www.cematec.org\/ca\/traumatologia\/artroscopies\/","og_locale":"ca_ES","og_type":"article","og_title":"Artrosc\u00f2pies - CEMATEC","og_url":"https:\/\/www.cematec.org\/ca\/traumatologia\/artroscopies\/","og_site_name":"CEMATEC","article_modified_time":"2022-06-16T20:13:39+00:00","og_image":[{"url":"http:\/\/www.deepface.es\/wp-content\/uploads\/2019\/05\/artro.png"}],"twitter_card":"summary_large_image","twitter_misc":{"Temps estimat de lectura":"7 minuts"},"schema":{"@context":"https:\/\/schema.org","@graph":[{"@type":"WebPage","@id":"https:\/\/www.cematec.org\/ca\/traumatologia\/artroscopies\/","url":"https:\/\/www.cematec.org\/ca\/traumatologia\/artroscopies\/","name":"Artrosc\u00f2pies - CEMATEC","isPartOf":{"@id":"https:\/\/www.cematec.org\/ca\/#website"},"datePublished":"2019-05-03T08:22:45+00:00","dateModified":"2022-06-16T20:13:39+00:00","breadcrumb":{"@id":"https:\/\/www.cematec.org\/ca\/traumatologia\/artroscopies\/#breadcrumb"},"inLanguage":"ca","potentialAction":[{"@type":"ReadAction","target":["https:\/\/www.cematec.org\/ca\/traumatologia\/artroscopies\/"]}]},{"@type":"BreadcrumbList","@id":"https:\/\/www.cematec.org\/ca\/traumatologia\/artroscopies\/#breadcrumb","itemListElement":[{"@type":"ListItem","position":1,"name":"Portada","item":"https:\/\/www.cematec.org\/ca\/"},{"@type":"ListItem","position":2,"name":"Traumatologia","item":"https:\/\/www.cematec.org\/ca\/traumatologia\/"},{"@type":"ListItem","position":3,"name":"Artrosc\u00f2pies"}]},{"@type":"WebSite","@id":"https:\/\/www.cematec.org\/ca\/#website","url":"https:\/\/www.cematec.org\/ca\/","name":"CEMATEC","description":"Traumatolog\u00eda Barcelona","publisher":{"@id":"https:\/\/www.cematec.org\/ca\/#organization"},"potentialAction":[{"@type":"SearchAction","target":{"@type":"EntryPoint","urlTemplate":"https:\/\/www.cematec.org\/ca\/?s={search_term_string}"},"query-input":"required name=search_term_string"}],"inLanguage":"ca"},{"@type":"Organization","@id":"https:\/\/www.cematec.org\/ca\/#organization","name":"CEMATEC","url":"https:\/\/www.cematec.org\/ca\/","logo":{"@type":"ImageObject","inLanguage":"ca","@id":"https:\/\/www.cematec.org\/ca\/#\/schema\/logo\/image\/","url":"https:\/\/www.cematec.org\/wp-content\/uploads\/2019\/04\/Logo.gif","contentUrl":"https:\/\/www.cematec.org\/wp-content\/uploads\/2019\/04\/Logo.gif","width":400,"height":136,"caption":"CEMATEC"},"image":{"@id":"https:\/\/www.cematec.org\/ca\/#\/schema\/logo\/image\/"}}]}},"_links":{"self":[{"href":"https:\/\/www.cematec.org\/ca\/wp-json\/wp\/v2\/pages\/1637"}],"collection":[{"href":"https:\/\/www.cematec.org\/ca\/wp-json\/wp\/v2\/pages"}],"about":[{"href":"https:\/\/www.cematec.org\/ca\/wp-json\/wp\/v2\/types\/page"}],"author":[{"embeddable":true,"href":"https:\/\/www.cematec.org\/ca\/wp-json\/wp\/v2\/users\/1"}],"replies":[{"embeddable":true,"href":"https:\/\/www.cematec.org\/ca\/wp-json\/wp\/v2\/comments?post=1637"}],"version-history":[{"count":6,"href":"https:\/\/www.cematec.org\/ca\/wp-json\/wp\/v2\/pages\/1637\/revisions"}],"predecessor-version":[{"id":1911,"href":"https:\/\/www.cematec.org\/ca\/wp-json\/wp\/v2\/pages\/1637\/revisions\/1911"}],"up":[{"embeddable":true,"href":"https:\/\/www.cematec.org\/ca\/wp-json\/wp\/v2\/pages\/1629"}],"wp:attachment":[{"href":"https:\/\/www.cematec.org\/ca\/wp-json\/wp\/v2\/media?parent=1637"}],"curies":[{"name":"wp","href":"https:\/\/api.w.org\/{rel}","templated":true}]}}