{"id":1632,"date":"2019-05-03T10:09:08","date_gmt":"2019-05-03T08:09:08","guid":{"rendered":"https:\/\/www.cematec.org\/ones-electromagnetiques-modulars\/"},"modified":"2022-06-16T21:55:19","modified_gmt":"2022-06-16T19:55:19","slug":"ones-electromagnetiques-modulars","status":"publish","type":"page","link":"https:\/\/www.cematec.org\/ca\/tractaments\/tractaments-fisics\/ones-electromagnetiques-modulars\/","title":{"rendered":"Ones Electromagn\u00e8tiques Modulars"},"content":{"rendered":"<div class=\"fusion-fullwidth fullwidth-box fusion-builder-row-1 hundred-percent-fullwidth non-hundred-percent-height-scrolling fusion-equal-height-columns\"  style='background-color: rgba(255,255,255,0);background-position: center center;background-repeat: no-repeat;padding-top:0px;padding-right:0px;padding-bottom:0px;padding-left:0px;'><div class=\"fusion-builder-row fusion-row \"><div  class=\"fusion-layout-column fusion_builder_column fusion_builder_column_1_1 fusion-builder-column-0 fusion-one-full fusion-column-first fusion-column-last 1_1\"  style='margin-top:0px;margin-bottom:0px;'><div class=\"fusion-column-wrapper\" style=\"padding: 50px 0% 100px 0%;background-position:left top;background-repeat:no-repeat;-webkit-background-size:cover;-moz-background-size:cover;-o-background-size:cover;background-size:cover;\"   data-bg-url=\"\"><div class=\"fusion-text\"><p>Physicalm \u00e9s un tractament del dolor totalment innovador que es fa amb un sistema espec\u00edfic d&#8217;ones electromagn\u00e8tiques de tipus monopolar i modulades digitalment per obtenir canvis biol\u00f2gics a nivell cel\u00b7lular.<\/p>\n<p><img decoding=\"async\" loading=\"lazy\" class=\"alignnone size-full wp-image-782\" src=\"http:\/\/www.deepface.es\/wp-content\/uploads\/2019\/05\/1.png\" alt=\"\" width=\"612\" height=\"145\" srcset=\"https:\/\/www.cematec.org\/wp-content\/uploads\/2019\/05\/1-200x47.png 200w, https:\/\/www.cematec.org\/wp-content\/uploads\/2019\/05\/1-300x71.png 300w, https:\/\/www.cematec.org\/wp-content\/uploads\/2019\/05\/1-400x95.png 400w, https:\/\/www.cematec.org\/wp-content\/uploads\/2019\/05\/1-600x142.png 600w, https:\/\/www.cematec.org\/wp-content\/uploads\/2019\/05\/1.png 612w\" sizes=\"(max-width: 612px) 100vw, 612px\" \/><\/p>\n<p>Els canvis de polaritat de la membrana cel\u00b7lular comporten efectes biol\u00f2gics especialment en el dolor agut o cr\u00f2nic, de tipus musculoesquel\u00e8tic o neurop\u00e0tic.<\/p>\n<p>La recuperaci\u00f3 en patologia dels nervis perif\u00e8rics \u00e9s r\u00e0pida i efectiva<\/p>\n<p><img decoding=\"async\" loading=\"lazy\" class=\"alignnone size-full wp-image-783\" src=\"http:\/\/www.deepface.es\/wp-content\/uploads\/2019\/05\/2.png\" alt=\"\" width=\"537\" height=\"147\" srcset=\"https:\/\/www.cematec.org\/wp-content\/uploads\/2019\/05\/2-200x55.png 200w, https:\/\/www.cematec.org\/wp-content\/uploads\/2019\/05\/2-300x82.png 300w, https:\/\/www.cematec.org\/wp-content\/uploads\/2019\/05\/2-400x109.png 400w, https:\/\/www.cematec.org\/wp-content\/uploads\/2019\/05\/2.png 537w\" sizes=\"(max-width: 537px) 100vw, 537px\" \/><\/p>\n<p>Tamb\u00e9 es poden obtenir beneficis quant a vehicular una \u00e0mplia varietat de f\u00e0rmacs de manera transcut\u00e0nia<\/p>\n<p>Les caracter\u00edstiques d&#8217;aquesta modalitat de radiofreq\u00fc\u00e8ncia monopolar i modulada li confereixen alta capacitat per vehicular energia a diferents profunditats i amb una \u00e0mplia varietat d&#8217;indicacions per tractar el dolor de forma r\u00e0pida i efica\u00e7.<\/p>\n<p><img decoding=\"async\" loading=\"lazy\" class=\"alignnone size-full wp-image-784\" src=\"http:\/\/www.deepface.es\/wp-content\/uploads\/2019\/05\/3.png\" alt=\"\" width=\"613\" height=\"155\" srcset=\"https:\/\/www.cematec.org\/wp-content\/uploads\/2019\/05\/3-200x51.png 200w, https:\/\/www.cematec.org\/wp-content\/uploads\/2019\/05\/3-300x76.png 300w, https:\/\/www.cematec.org\/wp-content\/uploads\/2019\/05\/3-400x101.png 400w, https:\/\/www.cematec.org\/wp-content\/uploads\/2019\/05\/3-600x152.png 600w, https:\/\/www.cematec.org\/wp-content\/uploads\/2019\/05\/3.png 613w\" sizes=\"(max-width: 613px) 100vw, 613px\" \/><\/p>\n<p><strong>Indicacions:<\/strong><\/p>\n<ul>\n<li>Radiculopaties (ci\u00e0tica, neur\u00e0lgia trigemin)<\/li>\n<li>Par\u00e0lisi i neur\u00e0lgia del facial<\/li>\n<li>Dolor neurop\u00e0tic<\/li>\n<li>Dolor osteomuscular<\/li>\n<li>Cervic\u00e0lgia aguda<\/li>\n<li>Lumb\u00e0lgia aguda<\/li>\n<li>Vehicular medicaments de forma transcut\u00e0nia<\/li>\n<li>Dolor dif\u00edcilment tractable amb f\u00e0rmacs a neopl\u00e0sics<\/li>\n<\/ul>\n<\/div><div class=\"fusion-clearfix\"><\/div><\/div><\/div><\/div><\/div>\n","protected":false},"excerpt":{"rendered":"","protected":false},"author":1,"featured_media":0,"parent":1859,"menu_order":0,"comment_status":"closed","ping_status":"closed","template":"","meta":{"footnotes":""},"yoast_head":"<!-- This site is optimized with the Yoast SEO plugin v21.0 - https:\/\/yoast.com\/wordpress\/plugins\/seo\/ -->\n<title>Ones Electromagn\u00e8tiques Modulars - CEMATEC<\/title>\n<meta name=\"robots\" content=\"index, follow, max-snippet:-1, max-image-preview:large, max-video-preview:-1\" \/>\n<link rel=\"canonical\" href=\"https:\/\/www.cematec.org\/ca\/tractaments\/tractaments-fisics\/ones-electromagnetiques-modulars\/\" \/>\n<meta property=\"og:locale\" content=\"ca_ES\" \/>\n<meta property=\"og:type\" content=\"article\" \/>\n<meta property=\"og:title\" content=\"Ones Electromagn\u00e8tiques Modulars - CEMATEC\" \/>\n<meta property=\"og:url\" content=\"https:\/\/www.cematec.org\/ca\/tractaments\/tractaments-fisics\/ones-electromagnetiques-modulars\/\" \/>\n<meta property=\"og:site_name\" content=\"CEMATEC\" \/>\n<meta property=\"article:modified_time\" content=\"2022-06-16T19:55:19+00:00\" \/>\n<meta property=\"og:image\" content=\"http:\/\/www.deepface.es\/wp-content\/uploads\/2019\/05\/1.png\" \/>\n<meta name=\"twitter:card\" content=\"summary_large_image\" \/>\n<meta name=\"twitter:label1\" content=\"Temps estimat de lectura\" \/>\n\t<meta name=\"twitter:data1\" content=\"2 minuts\" \/>\n<script type=\"application\/ld+json\" class=\"yoast-schema-graph\">{\"@context\":\"https:\/\/schema.org\",\"@graph\":[{\"@type\":\"WebPage\",\"@id\":\"https:\/\/www.cematec.org\/ca\/tractaments\/tractaments-fisics\/ones-electromagnetiques-modulars\/\",\"url\":\"https:\/\/www.cematec.org\/ca\/tractaments\/tractaments-fisics\/ones-electromagnetiques-modulars\/\",\"name\":\"Ones Electromagn\u00e8tiques Modulars - CEMATEC\",\"isPartOf\":{\"@id\":\"https:\/\/www.cematec.org\/ca\/#website\"},\"datePublished\":\"2019-05-03T08:09:08+00:00\",\"dateModified\":\"2022-06-16T19:55:19+00:00\",\"breadcrumb\":{\"@id\":\"https:\/\/www.cematec.org\/ca\/tractaments\/tractaments-fisics\/ones-electromagnetiques-modulars\/#breadcrumb\"},\"inLanguage\":\"ca\",\"potentialAction\":[{\"@type\":\"ReadAction\",\"target\":[\"https:\/\/www.cematec.org\/ca\/tractaments\/tractaments-fisics\/ones-electromagnetiques-modulars\/\"]}]},{\"@type\":\"BreadcrumbList\",\"@id\":\"https:\/\/www.cematec.org\/ca\/tractaments\/tractaments-fisics\/ones-electromagnetiques-modulars\/#breadcrumb\",\"itemListElement\":[{\"@type\":\"ListItem\",\"position\":1,\"name\":\"Portada\",\"item\":\"https:\/\/www.cematec.org\/ca\/\"},{\"@type\":\"ListItem\",\"position\":2,\"name\":\"Tractaments\",\"item\":\"https:\/\/www.cematec.org\/ca\/tratamientos\/\"},{\"@type\":\"ListItem\",\"position\":3,\"name\":\"Tractaments F\u00edsics\",\"item\":\"https:\/\/www.cematec.org\/ca\/tratamientos\/tratamientos-fisicos\/\"},{\"@type\":\"ListItem\",\"position\":4,\"name\":\"Ones Electromagn\u00e8tiques Modulars\"}]},{\"@type\":\"WebSite\",\"@id\":\"https:\/\/www.cematec.org\/ca\/#website\",\"url\":\"https:\/\/www.cematec.org\/ca\/\",\"name\":\"CEMATEC\",\"description\":\"Traumatolog\u00eda Barcelona\",\"publisher\":{\"@id\":\"https:\/\/www.cematec.org\/ca\/#organization\"},\"potentialAction\":[{\"@type\":\"SearchAction\",\"target\":{\"@type\":\"EntryPoint\",\"urlTemplate\":\"https:\/\/www.cematec.org\/ca\/?s={search_term_string}\"},\"query-input\":\"required name=search_term_string\"}],\"inLanguage\":\"ca\"},{\"@type\":\"Organization\",\"@id\":\"https:\/\/www.cematec.org\/ca\/#organization\",\"name\":\"CEMATEC\",\"url\":\"https:\/\/www.cematec.org\/ca\/\",\"logo\":{\"@type\":\"ImageObject\",\"inLanguage\":\"ca\",\"@id\":\"https:\/\/www.cematec.org\/ca\/#\/schema\/logo\/image\/\",\"url\":\"https:\/\/www.cematec.org\/wp-content\/uploads\/2019\/04\/Logo.gif\",\"contentUrl\":\"https:\/\/www.cematec.org\/wp-content\/uploads\/2019\/04\/Logo.gif\",\"width\":400,\"height\":136,\"caption\":\"CEMATEC\"},\"image\":{\"@id\":\"https:\/\/www.cematec.org\/ca\/#\/schema\/logo\/image\/\"}}]}<\/script>\n<!-- \/ Yoast SEO plugin. -->","yoast_head_json":{"title":"Ones Electromagn\u00e8tiques Modulars - CEMATEC","robots":{"index":"index","follow":"follow","max-snippet":"max-snippet:-1","max-image-preview":"max-image-preview:large","max-video-preview":"max-video-preview:-1"},"canonical":"https:\/\/www.cematec.org\/ca\/tractaments\/tractaments-fisics\/ones-electromagnetiques-modulars\/","og_locale":"ca_ES","og_type":"article","og_title":"Ones Electromagn\u00e8tiques Modulars - CEMATEC","og_url":"https:\/\/www.cematec.org\/ca\/tractaments\/tractaments-fisics\/ones-electromagnetiques-modulars\/","og_site_name":"CEMATEC","article_modified_time":"2022-06-16T19:55:19+00:00","og_image":[{"url":"http:\/\/www.deepface.es\/wp-content\/uploads\/2019\/05\/1.png"}],"twitter_card":"summary_large_image","twitter_misc":{"Temps estimat de lectura":"2 minuts"},"schema":{"@context":"https:\/\/schema.org","@graph":[{"@type":"WebPage","@id":"https:\/\/www.cematec.org\/ca\/tractaments\/tractaments-fisics\/ones-electromagnetiques-modulars\/","url":"https:\/\/www.cematec.org\/ca\/tractaments\/tractaments-fisics\/ones-electromagnetiques-modulars\/","name":"Ones Electromagn\u00e8tiques Modulars - CEMATEC","isPartOf":{"@id":"https:\/\/www.cematec.org\/ca\/#website"},"datePublished":"2019-05-03T08:09:08+00:00","dateModified":"2022-06-16T19:55:19+00:00","breadcrumb":{"@id":"https:\/\/www.cematec.org\/ca\/tractaments\/tractaments-fisics\/ones-electromagnetiques-modulars\/#breadcrumb"},"inLanguage":"ca","potentialAction":[{"@type":"ReadAction","target":["https:\/\/www.cematec.org\/ca\/tractaments\/tractaments-fisics\/ones-electromagnetiques-modulars\/"]}]},{"@type":"BreadcrumbList","@id":"https:\/\/www.cematec.org\/ca\/tractaments\/tractaments-fisics\/ones-electromagnetiques-modulars\/#breadcrumb","itemListElement":[{"@type":"ListItem","position":1,"name":"Portada","item":"https:\/\/www.cematec.org\/ca\/"},{"@type":"ListItem","position":2,"name":"Tractaments","item":"https:\/\/www.cematec.org\/ca\/tratamientos\/"},{"@type":"ListItem","position":3,"name":"Tractaments F\u00edsics","item":"https:\/\/www.cematec.org\/ca\/tratamientos\/tratamientos-fisicos\/"},{"@type":"ListItem","position":4,"name":"Ones Electromagn\u00e8tiques Modulars"}]},{"@type":"WebSite","@id":"https:\/\/www.cematec.org\/ca\/#website","url":"https:\/\/www.cematec.org\/ca\/","name":"CEMATEC","description":"Traumatolog\u00eda Barcelona","publisher":{"@id":"https:\/\/www.cematec.org\/ca\/#organization"},"potentialAction":[{"@type":"SearchAction","target":{"@type":"EntryPoint","urlTemplate":"https:\/\/www.cematec.org\/ca\/?s={search_term_string}"},"query-input":"required name=search_term_string"}],"inLanguage":"ca"},{"@type":"Organization","@id":"https:\/\/www.cematec.org\/ca\/#organization","name":"CEMATEC","url":"https:\/\/www.cematec.org\/ca\/","logo":{"@type":"ImageObject","inLanguage":"ca","@id":"https:\/\/www.cematec.org\/ca\/#\/schema\/logo\/image\/","url":"https:\/\/www.cematec.org\/wp-content\/uploads\/2019\/04\/Logo.gif","contentUrl":"https:\/\/www.cematec.org\/wp-content\/uploads\/2019\/04\/Logo.gif","width":400,"height":136,"caption":"CEMATEC"},"image":{"@id":"https:\/\/www.cematec.org\/ca\/#\/schema\/logo\/image\/"}}]}},"_links":{"self":[{"href":"https:\/\/www.cematec.org\/ca\/wp-json\/wp\/v2\/pages\/1632"}],"collection":[{"href":"https:\/\/www.cematec.org\/ca\/wp-json\/wp\/v2\/pages"}],"about":[{"href":"https:\/\/www.cematec.org\/ca\/wp-json\/wp\/v2\/types\/page"}],"author":[{"embeddable":true,"href":"https:\/\/www.cematec.org\/ca\/wp-json\/wp\/v2\/users\/1"}],"replies":[{"embeddable":true,"href":"https:\/\/www.cematec.org\/ca\/wp-json\/wp\/v2\/comments?post=1632"}],"version-history":[{"count":5,"href":"https:\/\/www.cematec.org\/ca\/wp-json\/wp\/v2\/pages\/1632\/revisions"}],"predecessor-version":[{"id":1732,"href":"https:\/\/www.cematec.org\/ca\/wp-json\/wp\/v2\/pages\/1632\/revisions\/1732"}],"up":[{"embeddable":true,"href":"https:\/\/www.cematec.org\/ca\/wp-json\/wp\/v2\/pages\/1859"}],"wp:attachment":[{"href":"https:\/\/www.cematec.org\/ca\/wp-json\/wp\/v2\/media?parent=1632"}],"curies":[{"name":"wp","href":"https:\/\/api.w.org\/{rel}","templated":true}]}}