{"id":1629,"date":"2019-05-03T10:21:16","date_gmt":"2019-05-03T08:21:16","guid":{"rendered":"https:\/\/www.cematec.org\/traumatologia\/"},"modified":"2022-06-16T21:55:19","modified_gmt":"2022-06-16T19:55:19","slug":"traumatologia","status":"publish","type":"page","link":"https:\/\/www.cematec.org\/ca\/traumatologia\/","title":{"rendered":"Traumatologia"},"content":{"rendered":"<p><div class=\"fusion-fullwidth fullwidth-box fusion-builder-row-1 hundred-percent-fullwidth non-hundred-percent-height-scrolling\"  style='background-color: rgba(255,255,255,0);background-position: center center;background-repeat: no-repeat;padding-top:0px;padding-right:0px;padding-bottom:0px;padding-left:0px;margin-bottom: 0px;margin-top: 0px;'><div class=\"fusion-builder-row fusion-row \"><div  class=\"fusion-layout-column fusion_builder_column fusion_builder_column_1_2 fusion-builder-column-0 fusion-one-half fusion-column-first 1_2\"  style='margin-top:0px;margin-bottom:0px;width:50%;width:calc(50% - ( ( 6% ) * 0.5 ) );margin-right: 6%;'><div class=\"fusion-column-wrapper\" style=\"padding: 50px 0% 50px 0%;background-position:left top;background-repeat:no-repeat;-webkit-background-size:cover;-moz-background-size:cover;-o-background-size:cover;background-size:cover;\"   data-bg-url=\"\"><div class=\"imageframe-align-center\"><span style=\"width:100%;max-width:300px;\" class=\"fusion-imageframe imageframe-none imageframe-1 hover-type-none\"><a class=\"fusion-no-lightbox\" href=\"https:\/\/www.cematec.org\/ca\/traumatologia\/artroscopies\/\" target=\"_self\" aria-label=\"hombro\"><img decoding=\"async\" loading=\"lazy\" src=\"http:\/\/www.deepface.es\/wp-content\/uploads\/2019\/06\/hombro.jpg\" width=\"480\" height=\"360\" alt=\"\" class=\"img-responsive wp-image-1573\" srcset=\"https:\/\/www.cematec.org\/wp-content\/uploads\/2019\/06\/hombro-200x150.jpg 200w, https:\/\/www.cematec.org\/wp-content\/uploads\/2019\/06\/hombro-400x300.jpg 400w, https:\/\/www.cematec.org\/wp-content\/uploads\/2019\/06\/hombro.jpg 480w\" sizes=\"(max-width: 1024px) 100vw, 480px\" \/><\/a><\/span><\/div><div class=\"fusion-sep-clear\"><\/div><div class=\"fusion-separator fusion-full-width-sep sep-none\" style=\"margin-left: auto;margin-right: auto;margin-top:10px;margin-bottom:10px;\"><\/div><div class=\"fusion-button-wrapper fusion-aligncenter\"><style type=\"text\/css\">.fusion-button.button-1 {border-radius:0px;}<\/style><a class=\"fusion-button button-flat fusion-button-default-size button-default button-1 fusion-button-default-span fusion-button-default-type\" target=\"_self\" href=\"https:\/\/www.cematec.org\/ca\/traumatologia\/artroscopies\/\"><span class=\"fusion-button-text\">Artrosc\u00f2pies<\/span><\/a><\/div><div class=\"fusion-clearfix\"><\/div><\/div><\/div><div  class=\"fusion-layout-column fusion_builder_column fusion_builder_column_1_2 fusion-builder-column-1 fusion-one-half fusion-column-last 1_2\"  style='margin-top:0px;margin-bottom:0px;width:50%;width:calc(50% - ( ( 6% ) * 0.5 ) );'><div class=\"fusion-column-wrapper\" style=\"padding: 50px 0% 50px 0%;background-position:left top;background-repeat:no-repeat;-webkit-background-size:cover;-moz-background-size:cover;-o-background-size:cover;background-size:cover;\"   data-bg-url=\"\"><div class=\"imageframe-align-center\"><span style=\"width:100%;max-width:300px;\" class=\"fusion-imageframe imageframe-none imageframe-2 hover-type-none\"><a class=\"fusion-no-lightbox\" href=\"https:\/\/www.cematec.org\/ca\/traumatologia\/protesis\/\" target=\"_self\" aria-label=\"cadera\"><img decoding=\"async\" loading=\"lazy\" src=\"http:\/\/www.deepface.es\/wp-content\/uploads\/2019\/06\/cadera.jpg\" width=\"480\" height=\"360\" alt=\"\" class=\"img-responsive wp-image-1579\" srcset=\"https:\/\/www.cematec.org\/wp-content\/uploads\/2019\/06\/cadera-200x150.jpg 200w, https:\/\/www.cematec.org\/wp-content\/uploads\/2019\/06\/cadera-400x300.jpg 400w, https:\/\/www.cematec.org\/wp-content\/uploads\/2019\/06\/cadera.jpg 480w\" sizes=\"(max-width: 1024px) 100vw, 480px\" \/><\/a><\/span><\/div><div class=\"fusion-sep-clear\"><\/div><div class=\"fusion-separator fusion-full-width-sep sep-none\" style=\"margin-left: auto;margin-right: auto;margin-top:10px;margin-bottom:10px;\"><\/div><div class=\"fusion-button-wrapper fusion-aligncenter\"><style type=\"text\/css\">.fusion-button.button-2 {border-radius:0px;}<\/style><a class=\"fusion-button button-flat fusion-button-default-size button-default button-2 fusion-button-default-span fusion-button-default-type\" target=\"_self\" href=\"https:\/\/www.cematec.org\/ca\/traumatologia\/protesis\/\"><span class=\"fusion-button-text\">Pr\u00f2tesis<\/span><\/a><\/div><div class=\"fusion-clearfix\"><\/div><\/div><\/div><\/div><\/div><div class=\"fusion-fullwidth fullwidth-box fusion-builder-row-2 hundred-percent-fullwidth non-hundred-percent-height-scrolling fusion-equal-height-columns\"  style='background-color: rgba(255,255,255,0);background-position: center center;background-repeat: no-repeat;padding-top:0px;padding-right:0px;padding-bottom:0px;padding-left:0px;'><div class=\"fusion-builder-row fusion-row \"><div  class=\"fusion-layout-column fusion_builder_column fusion_builder_column_1_1 fusion-builder-column-2 fusion-one-full fusion-column-first fusion-column-last 1_1\"  style='margin-top:0px;margin-bottom:0px;'><div class=\"fusion-column-wrapper\" style=\"padding: 0px 0% 100px 0%;background-position:left top;background-repeat:no-repeat;-webkit-background-size:cover;-moz-background-size:cover;-o-background-size:cover;background-size:cover;\"   data-bg-url=\"\"><div class=\"fusion-text\"><p>La Cirurgia Ortop\u00e8dica i Traumatologia \u00e9s l&#8217;especialitat de la cirurgia que va n\u00e9ixer al segle passat per\u00f2 la tecnologia de les intervencions ha crescut de forma exponencial tant com ho han estat les t\u00e8cniques d&#8217;imatge.<\/p>\n<p>Actualment podem diagn\u00f2sticar amb imatges tridimensionals per Reson\u00e0ncia Magn\u00e8tica, Ecografies o amb visi\u00f3 directa artrosc\u00f2pica i tractar moltes patologies amb cirurgies m\u00ednimament invasives.<\/p>\n<p><img decoding=\"async\" loading=\"lazy\" class=\"alignnone size-full wp-image-808\" src=\"http:\/\/www.deepface.es\/wp-content\/uploads\/2019\/05\/trauma.png\" alt=\"\" width=\"625\" height=\"174\" srcset=\"https:\/\/www.cematec.org\/wp-content\/uploads\/2019\/05\/trauma-200x56.png 200w, https:\/\/www.cematec.org\/wp-content\/uploads\/2019\/05\/trauma-300x84.png 300w, https:\/\/www.cematec.org\/wp-content\/uploads\/2019\/05\/trauma-400x111.png 400w, https:\/\/www.cematec.org\/wp-content\/uploads\/2019\/05\/trauma-600x167.png 600w, https:\/\/www.cematec.org\/wp-content\/uploads\/2019\/05\/trauma.png 625w\" sizes=\"(max-width: 625px) 100vw, 625px\" \/><\/p>\n<p>Resson\u00e0ncia magn\u00e8tica genoll Pr\u00f2tesi total de genoll Pr\u00f2tesi total de maluc<br \/>\nL&#8217;artrosc\u00f2pia permet treballar en traumatologia amb incisions de gruix d&#8217;un llapis i recuperacions postoperat\u00f2ries molt r\u00e0pides<\/p>\n<p>Les pr\u00f2tesis d&#8217;espatlla, maluc o genoll s\u00f3n habituals a gaireb\u00e9 tots els hospitals, per\u00f2 les t\u00e8cniques i els materials han evolucionat de forma extraordin\u00e0ria permetent postoperatoris molt curts actualment.<\/p>\n<\/div><div class=\"fusion-clearfix\"><\/div><\/div><\/div><\/div><\/div><\/p>\n","protected":false},"excerpt":{"rendered":"","protected":false},"author":1,"featured_media":0,"parent":0,"menu_order":0,"comment_status":"closed","ping_status":"closed","template":"","meta":{"footnotes":""},"yoast_head":"<!-- This site is optimized with the Yoast SEO plugin v21.0 - https:\/\/yoast.com\/wordpress\/plugins\/seo\/ -->\n<title>Traumatologia Barcelona - CEMATEC<\/title>\n<meta name=\"description\" content=\"La Cirurgia Ortop\u00e8dica i Traumatologia \u00e9s l&#039;especialitat de la cirurgia que va n\u00e9ixer al segle passat per\u00f2 la tecnologia de les intervencions ha crescut de forma exponencial tant com ho han estat les t\u00e8cniques d&#039;imatge\" \/>\n<meta name=\"robots\" content=\"index, follow, max-snippet:-1, max-image-preview:large, max-video-preview:-1\" \/>\n<link rel=\"canonical\" href=\"https:\/\/www.cematec.org\/ca\/traumatologia\/\" \/>\n<meta property=\"og:locale\" content=\"ca_ES\" \/>\n<meta property=\"og:type\" content=\"article\" \/>\n<meta property=\"og:title\" content=\"Traumatologia Barcelona - CEMATEC\" \/>\n<meta property=\"og:description\" content=\"La Cirurgia Ortop\u00e8dica i Traumatologia \u00e9s l&#039;especialitat de la cirurgia que va n\u00e9ixer al segle passat per\u00f2 la tecnologia de les intervencions ha crescut de forma exponencial tant com ho han estat les t\u00e8cniques d&#039;imatge\" \/>\n<meta property=\"og:url\" content=\"https:\/\/www.cematec.org\/ca\/traumatologia\/\" \/>\n<meta property=\"og:site_name\" content=\"CEMATEC\" \/>\n<meta property=\"article:modified_time\" content=\"2022-06-16T19:55:19+00:00\" \/>\n<meta property=\"og:image\" content=\"http:\/\/www.deepface.es\/wp-content\/uploads\/2019\/05\/trauma.png\" \/>\n<meta name=\"twitter:card\" content=\"summary_large_image\" \/>\n<meta name=\"twitter:label1\" content=\"Temps estimat de lectura\" \/>\n\t<meta name=\"twitter:data1\" content=\"5 minuts\" \/>\n<script type=\"application\/ld+json\" class=\"yoast-schema-graph\">{\"@context\":\"https:\/\/schema.org\",\"@graph\":[{\"@type\":\"WebPage\",\"@id\":\"https:\/\/www.cematec.org\/ca\/traumatologia\/\",\"url\":\"https:\/\/www.cematec.org\/ca\/traumatologia\/\",\"name\":\"Traumatologia Barcelona - CEMATEC\",\"isPartOf\":{\"@id\":\"https:\/\/www.cematec.org\/ca\/#website\"},\"datePublished\":\"2019-05-03T08:21:16+00:00\",\"dateModified\":\"2022-06-16T19:55:19+00:00\",\"description\":\"La Cirurgia Ortop\u00e8dica i Traumatologia \u00e9s l'especialitat de la cirurgia que va n\u00e9ixer al segle passat per\u00f2 la tecnologia de les intervencions ha crescut de forma exponencial tant com ho han estat les t\u00e8cniques d'imatge\",\"breadcrumb\":{\"@id\":\"https:\/\/www.cematec.org\/ca\/traumatologia\/#breadcrumb\"},\"inLanguage\":\"ca\",\"potentialAction\":[{\"@type\":\"ReadAction\",\"target\":[\"https:\/\/www.cematec.org\/ca\/traumatologia\/\"]}]},{\"@type\":\"BreadcrumbList\",\"@id\":\"https:\/\/www.cematec.org\/ca\/traumatologia\/#breadcrumb\",\"itemListElement\":[{\"@type\":\"ListItem\",\"position\":1,\"name\":\"Portada\",\"item\":\"https:\/\/www.cematec.org\/ca\/\"},{\"@type\":\"ListItem\",\"position\":2,\"name\":\"Traumatologia\"}]},{\"@type\":\"WebSite\",\"@id\":\"https:\/\/www.cematec.org\/ca\/#website\",\"url\":\"https:\/\/www.cematec.org\/ca\/\",\"name\":\"CEMATEC\",\"description\":\"Traumatolog\u00eda Barcelona\",\"publisher\":{\"@id\":\"https:\/\/www.cematec.org\/ca\/#organization\"},\"potentialAction\":[{\"@type\":\"SearchAction\",\"target\":{\"@type\":\"EntryPoint\",\"urlTemplate\":\"https:\/\/www.cematec.org\/ca\/?s={search_term_string}\"},\"query-input\":\"required name=search_term_string\"}],\"inLanguage\":\"ca\"},{\"@type\":\"Organization\",\"@id\":\"https:\/\/www.cematec.org\/ca\/#organization\",\"name\":\"CEMATEC\",\"url\":\"https:\/\/www.cematec.org\/ca\/\",\"logo\":{\"@type\":\"ImageObject\",\"inLanguage\":\"ca\",\"@id\":\"https:\/\/www.cematec.org\/ca\/#\/schema\/logo\/image\/\",\"url\":\"https:\/\/www.cematec.org\/wp-content\/uploads\/2019\/04\/Logo.gif\",\"contentUrl\":\"https:\/\/www.cematec.org\/wp-content\/uploads\/2019\/04\/Logo.gif\",\"width\":400,\"height\":136,\"caption\":\"CEMATEC\"},\"image\":{\"@id\":\"https:\/\/www.cematec.org\/ca\/#\/schema\/logo\/image\/\"}}]}<\/script>\n<!-- \/ Yoast SEO plugin. -->","yoast_head_json":{"title":"Traumatologia Barcelona - CEMATEC","description":"La Cirurgia Ortop\u00e8dica i Traumatologia \u00e9s l'especialitat de la cirurgia que va n\u00e9ixer al segle passat per\u00f2 la tecnologia de les intervencions ha crescut de forma exponencial tant com ho han estat les t\u00e8cniques d'imatge","robots":{"index":"index","follow":"follow","max-snippet":"max-snippet:-1","max-image-preview":"max-image-preview:large","max-video-preview":"max-video-preview:-1"},"canonical":"https:\/\/www.cematec.org\/ca\/traumatologia\/","og_locale":"ca_ES","og_type":"article","og_title":"Traumatologia Barcelona - CEMATEC","og_description":"La Cirurgia Ortop\u00e8dica i Traumatologia \u00e9s l'especialitat de la cirurgia que va n\u00e9ixer al segle passat per\u00f2 la tecnologia de les intervencions ha crescut de forma exponencial tant com ho han estat les t\u00e8cniques d'imatge","og_url":"https:\/\/www.cematec.org\/ca\/traumatologia\/","og_site_name":"CEMATEC","article_modified_time":"2022-06-16T19:55:19+00:00","og_image":[{"url":"http:\/\/www.deepface.es\/wp-content\/uploads\/2019\/05\/trauma.png"}],"twitter_card":"summary_large_image","twitter_misc":{"Temps estimat de lectura":"5 minuts"},"schema":{"@context":"https:\/\/schema.org","@graph":[{"@type":"WebPage","@id":"https:\/\/www.cematec.org\/ca\/traumatologia\/","url":"https:\/\/www.cematec.org\/ca\/traumatologia\/","name":"Traumatologia Barcelona - CEMATEC","isPartOf":{"@id":"https:\/\/www.cematec.org\/ca\/#website"},"datePublished":"2019-05-03T08:21:16+00:00","dateModified":"2022-06-16T19:55:19+00:00","description":"La Cirurgia Ortop\u00e8dica i Traumatologia \u00e9s l'especialitat de la cirurgia que va n\u00e9ixer al segle passat per\u00f2 la tecnologia de les intervencions ha crescut de forma exponencial tant com ho han estat les t\u00e8cniques d'imatge","breadcrumb":{"@id":"https:\/\/www.cematec.org\/ca\/traumatologia\/#breadcrumb"},"inLanguage":"ca","potentialAction":[{"@type":"ReadAction","target":["https:\/\/www.cematec.org\/ca\/traumatologia\/"]}]},{"@type":"BreadcrumbList","@id":"https:\/\/www.cematec.org\/ca\/traumatologia\/#breadcrumb","itemListElement":[{"@type":"ListItem","position":1,"name":"Portada","item":"https:\/\/www.cematec.org\/ca\/"},{"@type":"ListItem","position":2,"name":"Traumatologia"}]},{"@type":"WebSite","@id":"https:\/\/www.cematec.org\/ca\/#website","url":"https:\/\/www.cematec.org\/ca\/","name":"CEMATEC","description":"Traumatolog\u00eda Barcelona","publisher":{"@id":"https:\/\/www.cematec.org\/ca\/#organization"},"potentialAction":[{"@type":"SearchAction","target":{"@type":"EntryPoint","urlTemplate":"https:\/\/www.cematec.org\/ca\/?s={search_term_string}"},"query-input":"required name=search_term_string"}],"inLanguage":"ca"},{"@type":"Organization","@id":"https:\/\/www.cematec.org\/ca\/#organization","name":"CEMATEC","url":"https:\/\/www.cematec.org\/ca\/","logo":{"@type":"ImageObject","inLanguage":"ca","@id":"https:\/\/www.cematec.org\/ca\/#\/schema\/logo\/image\/","url":"https:\/\/www.cematec.org\/wp-content\/uploads\/2019\/04\/Logo.gif","contentUrl":"https:\/\/www.cematec.org\/wp-content\/uploads\/2019\/04\/Logo.gif","width":400,"height":136,"caption":"CEMATEC"},"image":{"@id":"https:\/\/www.cematec.org\/ca\/#\/schema\/logo\/image\/"}}]}},"_links":{"self":[{"href":"https:\/\/www.cematec.org\/ca\/wp-json\/wp\/v2\/pages\/1629"}],"collection":[{"href":"https:\/\/www.cematec.org\/ca\/wp-json\/wp\/v2\/pages"}],"about":[{"href":"https:\/\/www.cematec.org\/ca\/wp-json\/wp\/v2\/types\/page"}],"author":[{"embeddable":true,"href":"https:\/\/www.cematec.org\/ca\/wp-json\/wp\/v2\/users\/1"}],"replies":[{"embeddable":true,"href":"https:\/\/www.cematec.org\/ca\/wp-json\/wp\/v2\/comments?post=1629"}],"version-history":[{"count":5,"href":"https:\/\/www.cematec.org\/ca\/wp-json\/wp\/v2\/pages\/1629\/revisions"}],"predecessor-version":[{"id":1739,"href":"https:\/\/www.cematec.org\/ca\/wp-json\/wp\/v2\/pages\/1629\/revisions\/1739"}],"wp:attachment":[{"href":"https:\/\/www.cematec.org\/ca\/wp-json\/wp\/v2\/media?parent=1629"}],"curies":[{"name":"wp","href":"https:\/\/api.w.org\/{rel}","templated":true}]}}