{"id":1628,"date":"2019-06-05T11:03:33","date_gmt":"2019-06-05T09:03:33","guid":{"rendered":"https:\/\/www.cematec.org\/dr-pous\/"},"modified":"2022-06-16T21:55:18","modified_gmt":"2022-06-16T19:55:18","slug":"dr-pous","status":"publish","type":"page","link":"https:\/\/www.cematec.org\/ca\/dr-pous\/","title":{"rendered":"Dr Pous"},"content":{"rendered":"<div class=\"fusion-fullwidth fullwidth-box fusion-builder-row-1 hundred-percent-fullwidth non-hundred-percent-height-scrolling fusion-equal-height-columns\"  style='background-color: rgba(255,255,255,0);background-position: center center;background-repeat: no-repeat;padding-top:0px;padding-right:0px;padding-bottom:0px;padding-left:0px;'><div class=\"fusion-builder-row fusion-row \"><div  class=\"fusion-layout-column fusion_builder_column fusion_builder_column_1_1 fusion-builder-column-0 fusion-one-full fusion-column-first fusion-column-last 1_1\"  style='margin-top:0px;margin-bottom:0px;'><div class=\"fusion-column-wrapper\" style=\"padding: 50px 0% 100px 0%;background-position:left top;background-repeat:no-repeat;-webkit-background-size:cover;-moz-background-size:cover;-o-background-size:cover;background-size:cover;\"   data-bg-url=\"\"><div class=\"fusion-text\"><p><img decoding=\"async\" loading=\"lazy\" class=\"wp-image-1124 alignnone\" src=\"http:\/\/www.deepface.es\/wp-content\/uploads\/2019\/06\/FotoDr_-Pous.jpg\" alt=\"\" width=\"279\" height=\"382\" srcset=\"https:\/\/www.cematec.org\/wp-content\/uploads\/2019\/06\/FotoDr_-Pous-200x274.jpg 200w, https:\/\/www.cematec.org\/wp-content\/uploads\/2019\/06\/FotoDr_-Pous-219x300.jpg 219w, https:\/\/www.cematec.org\/wp-content\/uploads\/2019\/06\/FotoDr_-Pous-400x549.jpg 400w, https:\/\/www.cematec.org\/wp-content\/uploads\/2019\/06\/FotoDr_-Pous-600x823.jpg 600w, https:\/\/www.cematec.org\/wp-content\/uploads\/2019\/06\/FotoDr_-Pous-747x1024.jpg 747w, https:\/\/www.cematec.org\/wp-content\/uploads\/2019\/06\/FotoDr_-Pous-768x1053.jpg 768w, https:\/\/www.cematec.org\/wp-content\/uploads\/2019\/06\/FotoDr_-Pous-800x1097.jpg 800w, https:\/\/www.cematec.org\/wp-content\/uploads\/2019\/06\/FotoDr_-Pous.jpg 875w\" sizes=\"(max-width: 279px) 100vw, 279px\" \/><\/p>\n<p><strong>T\u00edtols Acad\u00e8mics:<\/strong><\/p>\n<ul>\n<li>Llicenciat en Medicina i Cirurgia<\/li>\n<li>Doctorat &#8220;cum laude&#8221; a Medicina i Cirurgia<\/li>\n<li>Especialista en Cirurgia Ortop\u00e8dica i Traumatologia<\/li>\n<li>Especialista en Rehabilitaci\u00f3<\/li>\n<\/ul>\n<p>Societats:<\/p>\n<ul>\n<li>Ex-President de la Societat Espanyola de Tractaments amb Ones de xoc <strong>(SETOC)<\/strong><\/li>\n<li>Ex-president de la Societat Espanyola de Traumatologia Laboral <strong>(SETLA)<\/strong><\/li>\n<li>Membre Societat Espanyola de Cirurgia Ortop\u00e8dica i Traumatologia <strong>(SECOT)<\/strong><\/li>\n<li>Membre d&#8217;International Asociation Lasertherapy (IALT) i instructor per al <strong>l\u00e0ser FP3 System<\/strong> a Espanya i Fran\u00e7a Meridional<\/li>\n<\/ul>\n<p><strong>Publicacions:<\/strong><\/p>\n<p>Ha publicat \u201c <strong>Atlas topogr\u00e0fic de les extremitats i fixaci\u00f3 externa anul\u00b7lar<\/strong> \u201d i contribu\u00eft a altres cap\u00edtols de llibres.<\/p>\n<p>Efectuades m\u00faltiples presentacions a Societats Nacionals i Internacionals. Director de cursos te\u00f2rics i pr\u00e0ctics sobre anatomia quir\u00fargica a espatlla, colze, genoll, turmell.<\/p>\n<p><img decoding=\"async\" loading=\"lazy\" class=\"alignnone size-full wp-image-1121\" src=\"http:\/\/www.deepface.es\/wp-content\/uploads\/2019\/06\/1.png\" alt=\"\" width=\"781\" height=\"238\" srcset=\"https:\/\/www.cematec.org\/wp-content\/uploads\/2019\/06\/1-200x61.png 200w, https:\/\/www.cematec.org\/wp-content\/uploads\/2019\/06\/1-300x91.png 300w, https:\/\/www.cematec.org\/wp-content\/uploads\/2019\/06\/1-400x122.png 400w, https:\/\/www.cematec.org\/wp-content\/uploads\/2019\/06\/1-600x183.png 600w, https:\/\/www.cematec.org\/wp-content\/uploads\/2019\/06\/1-768x234.png 768w, https:\/\/www.cematec.org\/wp-content\/uploads\/2019\/06\/1.png 781w\" sizes=\"(max-width: 781px) 100vw, 781px\" \/><\/p>\n<p>Actualment el seu treball est\u00e0 focalitzat en la BioFisoTerapia com a tractament global de M\u00faltiples patologies del sistema musculoesquel\u00e8tic i neuromuscular aix\u00ed com la cirurgia de pr\u00f2tesis d&#8217;espatlla, pr\u00f2tesis de maluc i pr\u00f2tesis de genoll.<\/p>\n<p><img decoding=\"async\" loading=\"lazy\" class=\"alignnone size-full wp-image-1122\" src=\"http:\/\/www.deepface.es\/wp-content\/uploads\/2019\/06\/2.png\" alt=\"\" width=\"782\" height=\"218\" srcset=\"https:\/\/www.cematec.org\/wp-content\/uploads\/2019\/06\/2-200x56.png 200w, https:\/\/www.cematec.org\/wp-content\/uploads\/2019\/06\/2-300x84.png 300w, https:\/\/www.cematec.org\/wp-content\/uploads\/2019\/06\/2-400x112.png 400w, https:\/\/www.cematec.org\/wp-content\/uploads\/2019\/06\/2-600x167.png 600w, https:\/\/www.cematec.org\/wp-content\/uploads\/2019\/06\/2-768x214.png 768w, https:\/\/www.cematec.org\/wp-content\/uploads\/2019\/06\/2.png 782w\" sizes=\"(max-width: 782px) 100vw, 782px\" \/><\/p>\n<p>Pioner en nous tractaments sense cirurgia amb Ones de xoc (ESWT) des del 2002 en tendinitis insercionals de colze (colze de tennista, golfista), tend\u00f3 d&#8217;Aquil\u00b7les, esper\u00f3 calcani, s\u00edndromes d&#8217;espatlla (tendinitis calcificant d&#8217;espatlla), pseudoartrosi i necro de maluc.<\/p>\n<p><img decoding=\"async\" loading=\"lazy\" class=\"alignnone size-full wp-image-1123\" src=\"http:\/\/www.deepface.es\/wp-content\/uploads\/2019\/06\/3.png\" alt=\"\" width=\"780\" height=\"216\" srcset=\"https:\/\/www.cematec.org\/wp-content\/uploads\/2019\/06\/3-200x55.png 200w, https:\/\/www.cematec.org\/wp-content\/uploads\/2019\/06\/3-300x83.png 300w, https:\/\/www.cematec.org\/wp-content\/uploads\/2019\/06\/3-400x111.png 400w, https:\/\/www.cematec.org\/wp-content\/uploads\/2019\/06\/3-600x166.png 600w, https:\/\/www.cematec.org\/wp-content\/uploads\/2019\/06\/3-768x213.png 768w, https:\/\/www.cematec.org\/wp-content\/uploads\/2019\/06\/3.png 780w\" sizes=\"(max-width: 780px) 100vw, 780px\" \/><\/p>\n<p>Ha incorporat el L\u00e0ser Sistema FP3 des de 2006 a Espanya amb alta efic\u00e0cia en m\u00faltiples patologies com lesions lligament\u00e0ries parcials, lesions musculars (grau II-III), meniscopaties capsulo-murals, tendinitis, capsulitis, tenosinovitis (De Quervain i peroneus), lesions parcials lligaments creuats, edemes ossis, cervic\u00e0lgies i lumb\u00e0lgies per discopaties, h\u00e8rnies discals; totes freq\u00fcents en l&#8217;esport o en patologies degeneratives.<\/p>\n<p>Nous tractaments biol\u00f2gics amb c\u00e8l\u00b7lules mare (stem cells) en pseudoartrosi i necrosi avascular de maluc; aix\u00ed com tractaments amb Factors de Creixement (PRP).<\/p>\n<p>Com a complement al concepte de BioFisoTerapia s&#8217;ha incorporat des de l&#8217;any 2012 la Mecanoter\u00e0pia anomenada Multiter\u00e0pia per al sistema esquel\u00e8tic i les Ones Electromagn\u00e8tiques Modulars Capacitives (EMC) per al dolor neuromuscular.<\/p>\n<\/div><div class=\"fusion-clearfix\"><\/div><\/div><\/div><\/div><\/div>\n","protected":false},"excerpt":{"rendered":"","protected":false},"author":1,"featured_media":0,"parent":0,"menu_order":0,"comment_status":"closed","ping_status":"closed","template":"","meta":{"footnotes":""},"yoast_head":"<!-- This site is optimized with the Yoast SEO plugin v21.0 - https:\/\/yoast.com\/wordpress\/plugins\/seo\/ -->\n<title>Dr Pous - CEMATEC<\/title>\n<meta name=\"robots\" content=\"index, follow, max-snippet:-1, max-image-preview:large, max-video-preview:-1\" \/>\n<link rel=\"canonical\" href=\"https:\/\/www.cematec.org\/ca\/dr-pous\/\" \/>\n<meta property=\"og:locale\" content=\"ca_ES\" \/>\n<meta property=\"og:type\" content=\"article\" \/>\n<meta property=\"og:title\" content=\"Dr Pous - CEMATEC\" \/>\n<meta property=\"og:url\" content=\"https:\/\/www.cematec.org\/ca\/dr-pous\/\" \/>\n<meta property=\"og:site_name\" content=\"CEMATEC\" \/>\n<meta property=\"article:modified_time\" content=\"2022-06-16T19:55:18+00:00\" \/>\n<meta property=\"og:image\" content=\"http:\/\/www.deepface.es\/wp-content\/uploads\/2019\/06\/FotoDr_-Pous.jpg\" \/>\n<meta name=\"twitter:card\" content=\"summary_large_image\" \/>\n<meta name=\"twitter:label1\" content=\"Temps estimat de lectura\" \/>\n\t<meta name=\"twitter:data1\" content=\"3 minuts\" \/>\n<script type=\"application\/ld+json\" class=\"yoast-schema-graph\">{\"@context\":\"https:\/\/schema.org\",\"@graph\":[{\"@type\":\"WebPage\",\"@id\":\"https:\/\/www.cematec.org\/ca\/dr-pous\/\",\"url\":\"https:\/\/www.cematec.org\/ca\/dr-pous\/\",\"name\":\"Dr Pous - CEMATEC\",\"isPartOf\":{\"@id\":\"https:\/\/www.cematec.org\/ca\/#website\"},\"datePublished\":\"2019-06-05T09:03:33+00:00\",\"dateModified\":\"2022-06-16T19:55:18+00:00\",\"breadcrumb\":{\"@id\":\"https:\/\/www.cematec.org\/ca\/dr-pous\/#breadcrumb\"},\"inLanguage\":\"ca\",\"potentialAction\":[{\"@type\":\"ReadAction\",\"target\":[\"https:\/\/www.cematec.org\/ca\/dr-pous\/\"]}]},{\"@type\":\"BreadcrumbList\",\"@id\":\"https:\/\/www.cematec.org\/ca\/dr-pous\/#breadcrumb\",\"itemListElement\":[{\"@type\":\"ListItem\",\"position\":1,\"name\":\"Portada\",\"item\":\"https:\/\/www.cematec.org\/ca\/\"},{\"@type\":\"ListItem\",\"position\":2,\"name\":\"Dr Pous\"}]},{\"@type\":\"WebSite\",\"@id\":\"https:\/\/www.cematec.org\/ca\/#website\",\"url\":\"https:\/\/www.cematec.org\/ca\/\",\"name\":\"CEMATEC\",\"description\":\"Traumatolog\u00eda Barcelona\",\"publisher\":{\"@id\":\"https:\/\/www.cematec.org\/ca\/#organization\"},\"potentialAction\":[{\"@type\":\"SearchAction\",\"target\":{\"@type\":\"EntryPoint\",\"urlTemplate\":\"https:\/\/www.cematec.org\/ca\/?s={search_term_string}\"},\"query-input\":\"required name=search_term_string\"}],\"inLanguage\":\"ca\"},{\"@type\":\"Organization\",\"@id\":\"https:\/\/www.cematec.org\/ca\/#organization\",\"name\":\"CEMATEC\",\"url\":\"https:\/\/www.cematec.org\/ca\/\",\"logo\":{\"@type\":\"ImageObject\",\"inLanguage\":\"ca\",\"@id\":\"https:\/\/www.cematec.org\/ca\/#\/schema\/logo\/image\/\",\"url\":\"https:\/\/www.cematec.org\/wp-content\/uploads\/2019\/04\/Logo.gif\",\"contentUrl\":\"https:\/\/www.cematec.org\/wp-content\/uploads\/2019\/04\/Logo.gif\",\"width\":400,\"height\":136,\"caption\":\"CEMATEC\"},\"image\":{\"@id\":\"https:\/\/www.cematec.org\/ca\/#\/schema\/logo\/image\/\"}}]}<\/script>\n<!-- \/ Yoast SEO plugin. -->","yoast_head_json":{"title":"Dr Pous - CEMATEC","robots":{"index":"index","follow":"follow","max-snippet":"max-snippet:-1","max-image-preview":"max-image-preview:large","max-video-preview":"max-video-preview:-1"},"canonical":"https:\/\/www.cematec.org\/ca\/dr-pous\/","og_locale":"ca_ES","og_type":"article","og_title":"Dr Pous - CEMATEC","og_url":"https:\/\/www.cematec.org\/ca\/dr-pous\/","og_site_name":"CEMATEC","article_modified_time":"2022-06-16T19:55:18+00:00","og_image":[{"url":"http:\/\/www.deepface.es\/wp-content\/uploads\/2019\/06\/FotoDr_-Pous.jpg"}],"twitter_card":"summary_large_image","twitter_misc":{"Temps estimat de lectura":"3 minuts"},"schema":{"@context":"https:\/\/schema.org","@graph":[{"@type":"WebPage","@id":"https:\/\/www.cematec.org\/ca\/dr-pous\/","url":"https:\/\/www.cematec.org\/ca\/dr-pous\/","name":"Dr Pous - CEMATEC","isPartOf":{"@id":"https:\/\/www.cematec.org\/ca\/#website"},"datePublished":"2019-06-05T09:03:33+00:00","dateModified":"2022-06-16T19:55:18+00:00","breadcrumb":{"@id":"https:\/\/www.cematec.org\/ca\/dr-pous\/#breadcrumb"},"inLanguage":"ca","potentialAction":[{"@type":"ReadAction","target":["https:\/\/www.cematec.org\/ca\/dr-pous\/"]}]},{"@type":"BreadcrumbList","@id":"https:\/\/www.cematec.org\/ca\/dr-pous\/#breadcrumb","itemListElement":[{"@type":"ListItem","position":1,"name":"Portada","item":"https:\/\/www.cematec.org\/ca\/"},{"@type":"ListItem","position":2,"name":"Dr Pous"}]},{"@type":"WebSite","@id":"https:\/\/www.cematec.org\/ca\/#website","url":"https:\/\/www.cematec.org\/ca\/","name":"CEMATEC","description":"Traumatolog\u00eda Barcelona","publisher":{"@id":"https:\/\/www.cematec.org\/ca\/#organization"},"potentialAction":[{"@type":"SearchAction","target":{"@type":"EntryPoint","urlTemplate":"https:\/\/www.cematec.org\/ca\/?s={search_term_string}"},"query-input":"required name=search_term_string"}],"inLanguage":"ca"},{"@type":"Organization","@id":"https:\/\/www.cematec.org\/ca\/#organization","name":"CEMATEC","url":"https:\/\/www.cematec.org\/ca\/","logo":{"@type":"ImageObject","inLanguage":"ca","@id":"https:\/\/www.cematec.org\/ca\/#\/schema\/logo\/image\/","url":"https:\/\/www.cematec.org\/wp-content\/uploads\/2019\/04\/Logo.gif","contentUrl":"https:\/\/www.cematec.org\/wp-content\/uploads\/2019\/04\/Logo.gif","width":400,"height":136,"caption":"CEMATEC"},"image":{"@id":"https:\/\/www.cematec.org\/ca\/#\/schema\/logo\/image\/"}}]}},"_links":{"self":[{"href":"https:\/\/www.cematec.org\/ca\/wp-json\/wp\/v2\/pages\/1628"}],"collection":[{"href":"https:\/\/www.cematec.org\/ca\/wp-json\/wp\/v2\/pages"}],"about":[{"href":"https:\/\/www.cematec.org\/ca\/wp-json\/wp\/v2\/types\/page"}],"author":[{"embeddable":true,"href":"https:\/\/www.cematec.org\/ca\/wp-json\/wp\/v2\/users\/1"}],"replies":[{"embeddable":true,"href":"https:\/\/www.cematec.org\/ca\/wp-json\/wp\/v2\/comments?post=1628"}],"version-history":[{"count":5,"href":"https:\/\/www.cematec.org\/ca\/wp-json\/wp\/v2\/pages\/1628\/revisions"}],"predecessor-version":[{"id":1725,"href":"https:\/\/www.cematec.org\/ca\/wp-json\/wp\/v2\/pages\/1628\/revisions\/1725"}],"wp:attachment":[{"href":"https:\/\/www.cematec.org\/ca\/wp-json\/wp\/v2\/media?parent=1628"}],"curies":[{"name":"wp","href":"https:\/\/api.w.org\/{rel}","templated":true}]}}